{"id":13,"date":"2015-10-08T10:16:24","date_gmt":"2015-10-08T10:16:24","guid":{"rendered":"https:\/\/apartmani-gordana.com\/rent-a-boat-vodice-hire-attractive-boats-at-cheapest-price-2\/"},"modified":"2022-02-26T14:38:33","modified_gmt":"2022-02-26T12:38:33","slug":"sea-rent-a-boat-vodice","status":"publish","type":"page","link":"https:\/\/apartmani-gordana.com\/de\/","title":{"rendered":"Apartments Vodice"},"content":{"rendered":"<p>[vc_row full_width=&#8220;stretch_row&#8220; css=&#8220;.vc_custom_1451828439299{padding-top: 50px !important;padding-bottom: 10px !important;background-color: #ffa225 !important;}&#8220;][vc_column width=&#8220;1\/3&#8243; el_class=&#8220;front_page_top&#8220;]<div class=\"icon_box icon_position_left has_border\"><div class=\"image_wrapper\"><img src=\"https:\/\/apartmani-gordana.com\/wp-content\/uploads\/2015\/10\/vodice-apartments-beach.png\" class=\"scale-with-grid\" alt=\"Apartments Vodice\" width=\"120\" height=\"120\"\/><\/div><div class=\"desc_wrapper\"><h4 class=\"title\">Sch\u00f6ne Str\u00e4nde<\/h4><div class=\"desc\">Stadt Vodice ist umgeben von wundersch\u00f6nen Str\u00e4nden. Es dauert nur wenige Minuten zu Fu\u00df von unseren Appartements, sie zu erreichen.<\/div><\/div><\/div>\n[\/vc_column][vc_column width=&#8220;1\/3&#8243;]<div class=\"icon_box icon_position_left has_border\"><div class=\"image_wrapper\"><img src=\"https:\/\/apartmani-gordana.com\/wp-content\/uploads\/2015\/10\/apartments-vodice-town-center.png\" class=\"scale-with-grid\" alt=\"Apartments Vodice\" width=\"120\" height=\"120\"\/><\/div><div class=\"desc_wrapper\"><h4 class=\"title\">N\u00e4he Stadtmitte<\/h4><div class=\"desc\">Befindet sich in ruhig gelegen garantieren wir Ihnen einen friedlichen und ruhigen Aufenthalt. Doch Sie werden nahe genug, um alle Attraktionen zu sein.<\/div><\/div><\/div>\n[\/vc_column][vc_column width=&#8220;1\/3&#8243;]<div class=\"icon_box icon_position_left no_border\"><div class=\"image_wrapper\"><img src=\"https:\/\/apartmani-gordana.com\/wp-content\/uploads\/2015\/10\/vodice-apartments-smile.png\" class=\"scale-with-grid\" alt=\"Vodice Apartments\" width=\"120\" height=\"120\"\/><\/div><div class=\"desc_wrapper\"><h4 class=\"title\">Ereignisse und Aktivit\u00e4ten<\/h4><div class=\"desc\">Im Sommer Vodice zu einem lebhaften Ort mit vielen Veranstaltungen und Aktivit\u00e4ten, wo jeder etwas zu genie\u00dfen.<\/div><\/div><\/div>\n[\/vc_column][\/vc_row][vc_row full_width=&#8220;stretch_row&#8220; css=&#8220;.vc_custom_1445457219092{margin-top: 80px !important;}&#8220;][vc_column el_class=&#8220;heading-centerd special-heading&#8220;][vc_column_text]<div class=\"hr_zigzag\" style=\"margin:0 auto 30px\"><i class=\"icon-down-open\" style=\"\"><\/i><i class=\"icon-down-open\" style=\"\"><\/i><i class=\"icon-down-open\" style=\"\"><\/i><\/div>\n[\/vc_column_text]<div class=\"fancy_heading fancy_heading_line\"><span class=\"slogan\">SONDERANGEBOT<\/span><h1 class=\"title\">Apartements Gordana Vodice<\/h1><div class=\"inside\">Unsere komfortablen Apartments liegen im ruhigen Teil der Stadt befindet,, zu Fu\u00df nur wenige Minuten vom Stadtzentrum und dem Strand entfernt. Alle drei Wohnungen sind funktionell eingerichtet und komplett ausgestattet. Mieten Sie eine Wohnung und als besonderes Angebot, Sie erhalten Diskont f\u00fcr alle unsere Boote zu mieten.<\/div><\/div>\n[vc_row_inner css=&#8220;.vc_custom_1442957682349{margin-top: 80px !important;margin-bottom: 40px !important;}&#8220;][vc_column_inner width=&#8220;1\/3&#8243;]<div class=\"trailer_box \"><a href=\"https:\/\/apartmani-gordana.com\/de\/apartments-vodice\/apartment-1\" ><img class=\"scale-with-grid\" src=\"https:\/\/apartmani-gordana.com\/wp-content\/uploads\/2015\/10\/apartments-vodice-a1.jpg\" alt=\"Vodice apartment\" width=\"800\" height=\"631\"\/><div class=\"desc\"><div class=\"subtitle\">von 70 \u20ac pro Nacht<\/div><h2>Apartment 4 + 1<\/h2><div class=\"line\"><\/div><\/div><\/a><\/div>\n[\/vc_column_inner][vc_column_inner width=&#8220;1\/3&#8243;]<div class=\"trailer_box \"><a href=\"https:\/\/apartmani-gordana.com\/de\/apartments-vodice\/apartment-2\/\" ><img class=\"scale-with-grid\" src=\"https:\/\/apartmani-gordana.com\/wp-content\/uploads\/2015\/10\/apartments-vodice-a2.jpg\" alt=\"Vodice apartment\" width=\"800\" height=\"631\"\/><div class=\"desc\"><div class=\"subtitle\">von 50 \u20ac pro Nacht<\/div><h2>Apartment 2 + 1<\/h2><div class=\"line\"><\/div><\/div><\/a><\/div>\n[\/vc_column_inner][vc_column_inner width=&#8220;1\/3&#8243;]<div class=\"trailer_box \"><a href=\"https:\/\/apartmani-gordana.com\/de\/apartments-vodice\/apartment-3\/\" ><img class=\"scale-with-grid\" src=\"https:\/\/apartmani-gordana.com\/wp-content\/uploads\/2015\/10\/apartments-vodice-a3.jpg\" alt=\"Vodice apartment\" width=\"800\" height=\"631\"\/><div class=\"desc\"><div class=\"subtitle\">von 75 \u20ac pro Nacht<\/div><h2>Apartment 4 + 2<\/h2><div class=\"line\"><\/div><\/div><\/a><\/div>\n[\/vc_column_inner][\/vc_row_inner][\/vc_column][\/vc_row][vc_row full_width=&#8220;stretch_row&#8220; parallax=&#8220;content-moving&#8220; parallax_image=&#8220;2663&#8243; css=&#8220;.vc_custom_1451933111085{padding-top: 80px !important;padding-bottom: 40px !important;}&#8220;][vc_column el_class=&#8220;front_page_top&#8220;][vc_column_text]<\/p>\n<h1>Planen Sie Ihren Urlaub<\/h1>\n<p>Wir haben alles, was Sie daf\u00fcr brauchen. Mieten Sie unsere komfortablen Apartments f\u00fcr angenehmen Aufenthalt. Nehmen Sie Ihre Familie und Freunde zu spannenden Bootsfahrt durch die Einstellung unserer Motorboote. Machen Sie Ihren Urlaub zu einem unvergesslichen Erlebnis.<\/p>\n<p style=\"text-align: center;\"><a class=\"button  has-icon button_right button_size_2\" href=\"https:\/\/apartmani-gordana.com\/de\/kontakt\/\" style=\"background-color:#ffa225!important;color:#ffffff;\"    ><span class=\"button_icon\"><i class=\"icon-right-open\"  style=\"color:#ffffff!important;\"><\/i><\/span><span class=\"button_label\">Kontaktieren Sie uns<\/span><\/a>\n<\/p>\n<p>[\/vc_column_text][\/vc_column][\/vc_row][vc_row css=&#8220;.vc_custom_1451933314989{margin-top: 100px !important;margin-bottom: 20px !important;}&#8220;][vc_column][vc_column_text]<div class=\"hr_zigzag\" style=\"margin:0 auto 30px\"><i class=\"icon-down-open\" style=\"\"><\/i><i class=\"icon-down-open\" style=\"\"><\/i><i class=\"icon-down-open\" style=\"\"><\/i><\/div>\n[\/vc_column_text]<div class=\"fancy_heading fancy_heading_line\"><span class=\"slogan\">Kroatische f\u00fchrende Reiseziel<\/span><h1 class=\"title\">Stadt Vodice<\/h1><div class=\"inside\">Vodice ist ein Touristenzentrum bekannt f\u00fcr seine Lebhaftigkeit, sein vielf\u00e4ltiges Angebot und liebensw\u00fcrdige. Es ist eine K\u00fcstenstadt in einer breiten Bucht von der Stadt \u0160ibenik, die mittelalterliche Stadt mit Renaissance-Schl\u00f6sser, 11 km nordwestlich. Von vielen ruhigen und malerischen Inseln umgeben, macht Stadt idealer Ausgangspunkt zu erkunden versteckte Buchten und Str\u00e4nde. Vodice Nummern 10.000 Einwohner und gilt als ein idealer Ort f\u00fcr den Urlaub, wo jeder etwas, das sie genie\u00dfen.<\/div><\/div>\n[\/vc_column][\/vc_row][vc_row css=&#8220;.vc_custom_1445600765251{margin-bottom: 80px !important;}&#8220;][vc_column width=&#8220;1\/2&#8243; el_class=&#8220;style-simple&#8220;]<div class=\"sliding_box\"><a href=\"https:\/\/apartmani-gordana.com\/de\/stadt-vodice\/\" ><div class=\"photo_wrapper\"><img class=\"scale-with-grid\" src=\"https:\/\/apartmani-gordana.com\/wp-content\/uploads\/2015\/10\/vodice-town-photo-gallery.jpg\" alt=\"Vodice town photo gallery\" width=\"620\" height=\"240\"\/><\/div><div class=\"desc_wrapper\"><h4>Vodice Fotospaziergang<\/h4><\/div><\/a><\/div>\n[\/vc_column][vc_column width=&#8220;1\/2&#8243; el_class=&#8220;style-simple&#8220;]<div class=\"sliding_box\"><a href=\"https:\/\/apartmani-gordana.com\/de\/vodice-aquatorium\/\" ><div class=\"photo_wrapper\"><img class=\"scale-with-grid\" src=\"https:\/\/apartmani-gordana.com\/wp-content\/uploads\/2015\/10\/vodice-aquatorium-photo-gallery.jpg\" alt=\"Vodice aquatorium photo gallery\" width=\"620\" height=\"240\"\/><\/div><div class=\"desc_wrapper\"><h4>Aquatorium Galerie<\/h4><\/div><\/a><\/div>\n[\/vc_column][\/vc_row][vc_row full_width=&#8220;stretch_row&#8220; css=&#8220;.vc_custom_1451897942746{border-top-width: 1px !important;border-bottom-width: 1px !important;padding-top: 40px !important;background-color: #f9f9f9 !important;border-top-color: rgba(0,0,0,0.08) !important;border-top-style: solid !important;border-bottom-color: rgba(0,0,0,0.08) !important;border-bottom-style: solid !important;}&#8220; el_class=&#8220;orange&#8220;][vc_column width=&#8220;1\/3&#8243;]<div class=\"icon_box icon_position_left has_border\"><a class=\"\" href=\"tel:+385%2098%20917%205618\"  ><div class=\"image_wrapper\"><img src=\"https:\/\/apartmani-gordana.com\/wp-content\/uploads\/2016\/01\/apartment-vodice-phone.png\" class=\"scale-with-grid\" alt=\"Vodice Apartments\" width=\"72\" height=\"72\"\/><\/div><div class=\"desc_wrapper\"><h4 class=\"title\">Rufen Sie uns heute<\/h4><div class=\"desc\">+385 (0)22 442 772<br \/>\n+385 98 917 5618<\/div><\/div><\/a><\/div>\n[\/vc_column][vc_column width=&#8220;1\/3&#8243;]<div class=\"icon_box icon_position_left has_border\"><a class=\"\" href=\"https:\/\/apartmani-gordana.com\/de\/kontakt\/\"  ><div class=\"image_wrapper\"><img src=\"https:\/\/apartmani-gordana.com\/wp-content\/uploads\/2016\/01\/apartment-vodice-mail.png\" class=\"scale-with-grid\" alt=\"Vodice Apartments\" width=\"72\" height=\"72\"\/><\/div><div class=\"desc_wrapper\"><h4 class=\"title\">Eine Nachricht schicken<\/h4><div class=\"desc\">Haben Sie Fragen oder ben\u00f6tigen Sie zus\u00e4tzliche Informationen? Informieren Sie sich hier!<\/div><\/div><\/a><\/div>\n[\/vc_column][vc_column width=&#8220;1\/3&#8243;]<div class=\"icon_box icon_position_left no_border\"><a class=\"\" href=\"https:\/\/apartmani-gordana.com\/de\/kontakt\/\"  ><div class=\"image_wrapper\"><img src=\"https:\/\/apartmani-gordana.com\/wp-content\/uploads\/2016\/01\/apartments-vodice-location.png\" class=\"scale-with-grid\" alt=\"Vodice Apartments\" width=\"72\" height=\"72\"\/><\/div><div class=\"desc_wrapper\"><h4 class=\"title\">Unsere Adresse<\/h4><div class=\"desc\">Grgurev A. Kukure 30<br \/>\n22211 Vodice, HR<\/div><\/div><\/a><\/div>\n[\/vc_column][\/vc_row][vc_row full_width=&#8220;stretch_row_content_no_spaces&#8220; el_class=&#8220;map-footer&#8220;][vc_column]<div class=\"google-map-wrapper no_border\"><div class=\"google-map\" id=\"google-map-area-69e46cae6d9bf\" style=\"width:100%; height:400px;\">&nbsp;<\/div><\/div>\n[\/vc_column][\/vc_row]<\/p>\n","protected":false},"excerpt":{"rendered":"<p>[vc_row full_width=&#8220;stretch_row&#8220; css=&#8220;.vc_custom_1451828439299{padding-top: 50px !important;padding-bottom: 10px !important;background-color: #ffa225 !important;}&#8220;][vc_column width=&#8220;1\/3&#8243; el_class=&#8220;front_page_top&#8220;][\/vc_column][vc_column width=&#8220;1\/3&#8243;][\/vc_column][vc_column width=&#8220;1\/3&#8243;][\/vc_column][\/vc_row][vc_row full_width=&#8220;stretch_row&#8220; css=&#8220;.vc_custom_1445457219092{margin-top: 80px !important;}&#8220;][vc_column el_class=&#8220;heading-centerd special-heading&#8220;][vc_column_text][\/vc_column_text][vc_row_inner css=&#8220;.vc_custom_1442957682349{margin-top: 80px !important;margin-bottom: 40px !important;}&#8220;][vc_column_inner width=&#8220;1\/3&#8243;][\/vc_column_inner][vc_column_inner width=&#8220;1\/3&#8243;][\/vc_column_inner][vc_column_inner<span class=\"excerpt-hellip\"> [\u2026]<\/span><\/p>\n","protected":false},"author":1,"featured_media":0,"parent":0,"menu_order":0,"comment_status":"closed","ping_status":"closed","template":"","meta":[],"yoast_head":"<!-- This site is optimized with the Yoast SEO plugin v20.3 - https:\/\/yoast.com\/wordpress\/plugins\/seo\/ -->\n<title>Vodice Apartment | Suche nach Appartement in Vodice?<\/title>\n<meta name=\"description\" content=\"Suche nach Appartement in Vodice? Wir bieten komfortable und gut eingerichtete Appartements, zu Fu\u00df nur\u00a0 wenige Minuten vom Zentrum und Strand - besten Preis!\" \/>\n<meta name=\"robots\" content=\"index, follow, max-snippet:-1, max-image-preview:large, max-video-preview:-1\" \/>\n<link rel=\"canonical\" href=\"https:\/\/apartmani-gordana.com\/de\/\" \/>\n<meta property=\"og:locale\" content=\"de_DE\" \/>\n<meta property=\"og:type\" content=\"article\" \/>\n<meta property=\"og:title\" content=\"Vodice Apartment | Suche nach Appartement in Vodice?\" \/>\n<meta property=\"og:description\" content=\"Suche nach Appartement in Vodice? Wir bieten komfortable und gut eingerichtete Appartements, zu Fu\u00df nur\u00a0 wenige Minuten vom Zentrum und Strand - besten Preis!\" \/>\n<meta property=\"og:url\" content=\"https:\/\/apartmani-gordana.com\/de\/\" \/>\n<meta property=\"og:site_name\" content=\"Apartments Vodice\" \/>\n<meta property=\"article:modified_time\" content=\"2022-02-26T12:38:33+00:00\" \/>\n<meta name=\"twitter:card\" content=\"summary_large_image\" \/>\n<meta name=\"twitter:label1\" content=\"Gesch\u00e4tzte Lesezeit\" \/>\n\t<meta name=\"twitter:data1\" content=\"4\u00a0Minuten\" \/>\n<script type=\"application\/ld+json\" class=\"yoast-schema-graph\">{\"@context\":\"https:\/\/schema.org\",\"@graph\":[{\"@type\":\"WebPage\",\"@id\":\"https:\/\/apartmani-gordana.com\/de\/\",\"url\":\"https:\/\/apartmani-gordana.com\/de\/\",\"name\":\"Vodice Apartment | Suche nach Appartement in Vodice?\",\"isPartOf\":{\"@id\":\"https:\/\/apartmani-gordana.com\/#website\"},\"datePublished\":\"2015-10-08T10:16:24+00:00\",\"dateModified\":\"2022-02-26T12:38:33+00:00\",\"description\":\"Suche nach Appartement in Vodice? Wir bieten komfortable und gut eingerichtete Appartements, zu Fu\u00df nur\u00a0 wenige Minuten vom Zentrum und Strand - besten Preis!\",\"breadcrumb\":{\"@id\":\"https:\/\/apartmani-gordana.com\/de\/#breadcrumb\"},\"inLanguage\":\"de\",\"potentialAction\":[{\"@type\":\"ReadAction\",\"target\":[\"https:\/\/apartmani-gordana.com\/de\/\"]}]},{\"@type\":\"BreadcrumbList\",\"@id\":\"https:\/\/apartmani-gordana.com\/de\/#breadcrumb\",\"itemListElement\":[{\"@type\":\"ListItem\",\"position\":1,\"name\":\"Home\",\"item\":\"https:\/\/apartmani-gordana.com\/de\/\"},{\"@type\":\"ListItem\",\"position\":2,\"name\":\"Apartments Vodice\"}]},{\"@type\":\"WebSite\",\"@id\":\"https:\/\/apartmani-gordana.com\/#website\",\"url\":\"https:\/\/apartmani-gordana.com\/\",\"name\":\"Apartments Vodice\",\"description\":\"Vermietung attraktive und erschwingliche Boote in Vodice, Kroatien\",\"potentialAction\":[{\"@type\":\"SearchAction\",\"target\":{\"@type\":\"EntryPoint\",\"urlTemplate\":\"https:\/\/apartmani-gordana.com\/?s={search_term_string}\"},\"query-input\":\"required name=search_term_string\"}],\"inLanguage\":\"de\"}]}<\/script>\n<!-- \/ Yoast SEO plugin. -->","yoast_head_json":{"title":"Vodice Apartment | Suche nach Appartement in Vodice?","description":"Suche nach Appartement in Vodice? Wir bieten komfortable und gut eingerichtete Appartements, zu Fu\u00df nur\u00a0 wenige Minuten vom Zentrum und Strand - besten Preis!","robots":{"index":"index","follow":"follow","max-snippet":"max-snippet:-1","max-image-preview":"max-image-preview:large","max-video-preview":"max-video-preview:-1"},"canonical":"https:\/\/apartmani-gordana.com\/de\/","og_locale":"de_DE","og_type":"article","og_title":"Vodice Apartment | Suche nach Appartement in Vodice?","og_description":"Suche nach Appartement in Vodice? Wir bieten komfortable und gut eingerichtete Appartements, zu Fu\u00df nur\u00a0 wenige Minuten vom Zentrum und Strand - besten Preis!","og_url":"https:\/\/apartmani-gordana.com\/de\/","og_site_name":"Apartments Vodice","article_modified_time":"2022-02-26T12:38:33+00:00","twitter_card":"summary_large_image","twitter_misc":{"Gesch\u00e4tzte Lesezeit":"4\u00a0Minuten"},"schema":{"@context":"https:\/\/schema.org","@graph":[{"@type":"WebPage","@id":"https:\/\/apartmani-gordana.com\/de\/","url":"https:\/\/apartmani-gordana.com\/de\/","name":"Vodice Apartment | Suche nach Appartement in Vodice?","isPartOf":{"@id":"https:\/\/apartmani-gordana.com\/#website"},"datePublished":"2015-10-08T10:16:24+00:00","dateModified":"2022-02-26T12:38:33+00:00","description":"Suche nach Appartement in Vodice? Wir bieten komfortable und gut eingerichtete Appartements, zu Fu\u00df nur\u00a0 wenige Minuten vom Zentrum und Strand - besten Preis!","breadcrumb":{"@id":"https:\/\/apartmani-gordana.com\/de\/#breadcrumb"},"inLanguage":"de","potentialAction":[{"@type":"ReadAction","target":["https:\/\/apartmani-gordana.com\/de\/"]}]},{"@type":"BreadcrumbList","@id":"https:\/\/apartmani-gordana.com\/de\/#breadcrumb","itemListElement":[{"@type":"ListItem","position":1,"name":"Home","item":"https:\/\/apartmani-gordana.com\/de\/"},{"@type":"ListItem","position":2,"name":"Apartments Vodice"}]},{"@type":"WebSite","@id":"https:\/\/apartmani-gordana.com\/#website","url":"https:\/\/apartmani-gordana.com\/","name":"Apartments Vodice","description":"Vermietung attraktive und erschwingliche Boote in Vodice, Kroatien","potentialAction":[{"@type":"SearchAction","target":{"@type":"EntryPoint","urlTemplate":"https:\/\/apartmani-gordana.com\/?s={search_term_string}"},"query-input":"required name=search_term_string"}],"inLanguage":"de"}]}},"_links":{"self":[{"href":"https:\/\/apartmani-gordana.com\/de\/wp-json\/wp\/v2\/pages\/13"}],"collection":[{"href":"https:\/\/apartmani-gordana.com\/de\/wp-json\/wp\/v2\/pages"}],"about":[{"href":"https:\/\/apartmani-gordana.com\/de\/wp-json\/wp\/v2\/types\/page"}],"author":[{"embeddable":true,"href":"https:\/\/apartmani-gordana.com\/de\/wp-json\/wp\/v2\/users\/1"}],"replies":[{"embeddable":true,"href":"https:\/\/apartmani-gordana.com\/de\/wp-json\/wp\/v2\/comments?post=13"}],"version-history":[{"count":14,"href":"https:\/\/apartmani-gordana.com\/de\/wp-json\/wp\/v2\/pages\/13\/revisions"}],"predecessor-version":[{"id":3669,"href":"https:\/\/apartmani-gordana.com\/de\/wp-json\/wp\/v2\/pages\/13\/revisions\/3669"}],"wp:attachment":[{"href":"https:\/\/apartmani-gordana.com\/de\/wp-json\/wp\/v2\/media?parent=13"}],"curies":[{"name":"wp","href":"https:\/\/api.w.org\/{rel}","templated":true}]}}