{"id":2219,"date":"2015-08-09T22:00:50","date_gmt":"2015-08-09T20:00:50","guid":{"rendered":"https:\/\/apartmani-gordana.com\/de\/vodice-aquatorium\/"},"modified":"2022-02-26T16:02:35","modified_gmt":"2022-02-26T14:02:35","slug":"vodice-aquatorium","status":"publish","type":"page","link":"https:\/\/apartmani-gordana.com\/de\/vodice-aquatorium\/","title":{"rendered":"Vodice aquatorium"},"content":{"rendered":"<p>[vc_row css=&#8220;.vc_custom_1445602198018{margin-top: 40px !important;margin-bottom: 40px !important;}&#8220;][vc_column width=&#8220;3\/4&#8243;][vc_column_text]<\/p>\n<h1><span id=\"result_box\" class=\"short_text\" lang=\"de\"><span class=\"hps alt-edited\">Adriatischen K\u00fcste<\/span><\/span><\/h1>\n<p>Das Adriatische Meer erstreckt sich vom Nordwesten nach S\u00fcdosten und umfasst das Gebiet zwischen der Balkan- und Apenninen Halbinseln in der L\u00e4nge von 783 km. Die durchschnittliche Breite der Adria betr\u00e4gt 170 km, und die durchschnittliche Tiefe betr\u00e4gt 252 m. Es ist flach im Nordwesten und im S\u00fcden viel tiefer. Der \u00f6stliche Teil der Adria geh\u00f6rt zu Kroatien. Es erstreckt sich von Prevlaka im S\u00fcden und Kap Savudrija im Westen einschlie\u00dflich aller Inseln, Inselchen und Riffe entlang der K\u00fcste, und der Palagruza Archipels.<\/p>\n<p>Kroatischen K\u00fcste ist eine der am meisten gegliederten K\u00fcsten der Welt. Es umfasst 1.185 Inseln, Inselchen und Riffen. Die gr\u00f6\u00dfte Insel ist die Insel Krk. Weitere gro\u00dfe Inseln sind Cres, Brac, Hvar, Korcula und Pag. Die gr\u00f6\u00dften Halbinseln sind Istrien und Peljesac, und die gr\u00f6\u00dfte Bucht ist die Kvarner Bucht. Die L\u00e4nge der K\u00fcste einschlie\u00dflich der Inseln, Inselchen und Riffen ist 5,835 km.<\/p>\n<p>[\/vc_column_text][vc_media_grid style=&#8220;load-more&#8220; items_per_page=&#8220;4&#8243; element_width=&#8220;3&#8243; gap=&#8220;20&#8243; btn_title=&#8220;Noch mehr Fotos&#8220; btn_shape=&#8220;square&#8220; btn_color=&#8220;peacoc&#8220; btn_size=&#8220;sm&#8220; btn_i_icon_fontawesome=&#8220;fa fa-camera&#8220; btn_add_icon=&#8220;true&#8220; grid_id=&#8220;vc_gid:1645884067546-8fde99b4-0e8b-7&#8243; include=&#8220;1654,1763,1648,1643,1642,1641,1640,1639,1638,1636,1635,1634,1633,1632,1631,1624,1625,1626,1627,1628,1629,1630,1623,1622,1621,1620,1672,1619,1617,1616,1615,1614,1612,1610,1599,1644&#8243; css=&#8220;.vc_custom_1451214864408{margin-top: 30px !important;border-bottom-width: 30px !important;}&#8220;][vc_column_text]<\/p>\n<h1>Klima<\/h1>\n<p>Das gesamte n\u00f6rdliche K\u00fcstengebiet der Adria ist durch das milde Mittelmeerklima mit trockenen und warmen Sommern sowie feuchten und milden Wintern gekennzeichnet. Die Wintertemperaturen bewegen sich zwischen -1\u00b0 und 10\u00b0 C in der kontinentalen Zone und zwischen 5\u00b0 und 15\u00b0 C an der K\u00fcste. Die Sommertemperaturen liegen zwischen 22\u00b0 und 26\u00b0 C im kontinentalen Gebiet und zwischen 26\u00b0 und 30\u00b0 C\u00a0 in der K\u00fcstenregion. Mit durchschnittlich 2.600 Sonnenstunden im Jahr ist die Adriak\u00fcste eine der sonnigsten K\u00fcsten im Mittelmeerraum, bei einer Meerestemperatur zwischen 25\u00b0 und 27\u00b0 C im Sommer<\/p>\n<h1>Vodice<\/h1>\n<p><span id=\"result_box\" class=\"\" lang=\"de\"><span class=\"hps\">Vodice ist<\/span> <span class=\"hps\">in der Mitte der<\/span> <span class=\"hps\">Adriak\u00fcste,<\/span> <span class=\"hps\">umgeben<\/span> <span class=\"hps\">mit vielen<\/span> <span class=\"hps\">ruhigen und<\/span> <span class=\"hps\">malerischen<\/span> <span class=\"hps\">Inseln.<\/span> <span class=\"hps\">Einige Inseln<\/span> <span class=\"hps\">noch<\/span> <span class=\"hps\">zu halten<\/span> <span class=\"hps\">alten Traditionen und<\/span> <span class=\"hps\">Lebensspuren<\/span> <span class=\"hps\">wie<\/span> <span class=\"hps\">war vor<\/span> <span class=\"hps\">Jahrhunderten<\/span> <span class=\"hps\">gelebt<\/span>. <span class=\"hps\">Segeln und<\/span> <span class=\"hps\">Ausfl\u00fcge in<\/span> <span class=\"hps\">versteckten Buchten<\/span> <span class=\"hps\">und<\/span> <span class=\"hps\">Str\u00e4nden<\/span> <span class=\"hps\">und<\/span> <span class=\"hps\">ist eine der<\/span> <span class=\"hps\">Haupttouristenattraktionen<\/span><span class=\"\">.<\/span><\/span>[\/vc_column_text][vc_column_text]\r\n\t\t\t\t<style type=\"text\/css\">\r\n\t\t\t\t\t.simple-social-share ul {\r\n\t\t\t\t\t\tpadding: 0px;\r\n\t\t\t\t\t\tmargin: 0px;\r\n\t\t\t\t\t}\r\n\t\t\t\t\t.simple-social-share ul li {\r\n\t\t\t\t\t\tpadding: 0px;\r\n\t\t\t\t\t\tmargin: 0px;\r\n\t\t\t\t\t\tlist-style: none;\r\n\t\t\t\t\t\tdisplay: inline-block;\r\n\t\t\t\t\t\tborder: none;\r\n\t\t\t\t\t\twidth: auto;\r\n\t\t\t\t\t} \r\n\t\t\t\t\t.simple-social-share ul li a {\r\n\t\t\t\t\t\tmargin: 2px 5px 5px 0px;\r\n\t\t\t\t\t\tcolor: #fff;\r\n\t\t\t\t\t\ttext-decoration: none;\r\n\t\t\t\t\t\tdisplay: inline-block;\r\n\t\t\t\t\t\tline-height: 34px;\r\n\t\t\t\t\t\theight: 32px;\r\n\t\t\t\t\t\twidth: auto;\r\n\t\t\t\t\t\ttext-align: center;\r\n\t\t\t\t\t\tpadding: 0px 15px;\r\n\t\t\t\t\t\tfont-size: 16px;\r\n\t\t\t\t\t}\r\n\t\t\t\t\t.simple-social-share ul li a i {\r\n\t\t\t\t\t\tcolor: #fff;\r\n\t\t\t\t\t\tfont-size: 19px;\r\n\t\t\t\t\t    margin-left: 11px;\r\n\t\t\t\t\t}\r\n\t\t\t\t\t.simple-social-share ul li.facebook-share a {\r\n\t\t\t\t\t\tbackground: #3B5999;\r\n\t\t\t\t\t}\r\n\t\t\t\t\t\r\n\t\t\t\t\t.simple-social-share ul li.twitter-share a {\r\n\t\t\t\t\t\tbackground: #59D1DF;\r\n\t\t\t\t\t}\r\n\t\t\t\t\t.simple-social-share ul li.linkedin-share a {\r\n\t\t\t\t\t\tbackground: #0077b5;\r\n\t\t\t\t\t}\r\n\t\t\t\t\t.simple-social-share ul li.pinterest-share a {\r\n\t\t\t\t\t\tbackground: #CD252B;\r\n\t\t\t\t\t}\r\n\t\t\t\t\t.simple-social-share ul li.mail-share a {\r\n\t\t\t\t\t\tbackground: #27062D;\r\n\t\t\t\t\t}\r\n\t\t\t\t<\/style><div class=\"simple-social-share\"><ul><li class=\"facebook-share\"><a href=\"javascript:void(0);\" onclick=\"window.open('http:\/\/www.facebook.com\/sharer\/sharer.php?u=https%3A%2F%2Fapartmani-gordana.com%2Fde%2Fvodice-aquatorium%2F&t=Vodice+aquatorium+%7C+Apartments+Vodice','popup','width=800,height=600'); return false;\" alt=\"Facebook\" target=\"_blank\">Facebook<i class=\"fa fa-facebook\"><\/i><\/a><\/li><li class=\"twitter-share\"><a href=\"javascript:void(0);\" onclick=\"window.open('https:\/\/twitter.com\/intent\/tweet?text=Vodice+aquatorium+%7C+Apartments+Vodice: https%3A%2F%2Fapartmani-gordana.com%2Fde%2Fvodice-aquatorium%2F','popup','width=800,height=600'); return false;\" alt=\"Twitter\" target=\"_blank\">Twitter<i class=\"fa fa-twitter\"><\/i><\/a><\/li><li class=\"linkedin-share\"><a href=\"javascript:void(0);\" onclick=\"window.open('https:\/\/www.linkedin.com\/shareArticle?title=Vodice+aquatorium+%7C+Apartments+Vodice&mini=true&url=https%3A%2F%2Fapartmani-gordana.com%2Fde%2Fvodice-aquatorium%2F','popup','width=800,height=600'); return false;\" alt=\"LinkedIn\" target=\"_blank\">LinkedIn<i class=\"fa fa-linkedin\"><\/i><\/a><\/li><\/ul><\/div>[\/vc_column_text][\/vc_column][vc_column width=&#8220;1\/4&#8243;]<div class=\"get_in_touch\" style=\"background-image:url(https:\/\/apartmani-gordana.com\/wp-content\/uploads\/2015\/10\/rent-a-boat-vodice-contacts.png);\"><h3>Kontaktieren Sie uns<\/h3><div class=\"get_in_touch_wrapper\"><ul><li class=\"address\"><span class=\"icon\"><i class=\"icon-location\"><\/i><\/span><span class=\"address_wrapper\"><b>Apartments Gordana<\/b><br \/>\nGrgurev A. Kukure 30<br \/>\n22211 Vodice, Hrvatska<\/span><\/li><li class=\"phone phone-1\"><span class=\"icon\"><i class=\"icon-phone\"><\/i><\/span><p><a href=\"tel:+385(0)22442722\">+385 (0)22 442 722<\/a><\/p><\/li><li class=\"phone phone-2\"><span class=\"icon\"><i class=\"icon-phone\"><\/i><\/span><p><a href=\"tel:+385989175618\">+385 98 917 5618<\/a><\/p><\/li><li class=\"mail\"><span class=\"icon\"><i class=\"icon-mail\"><\/i><\/span><p><a href=\"mailto:gordana-babac@hotmail.com\">gordana-babac@hotmail.com<\/a><\/p><\/li><\/ul><\/div><\/div>\n<div class=\"google-map-wrapper no_border\"><div class=\"google-map-contact-wrapper style-box\"><div class=\"get_in_touch\"><div class=\"get_in_touch_wrapper\"><ul><li class=\"address\"><span class=\"icon\"><i class=\"icon-location\"><\/i><\/span><span class=\"address_wrapper\">Insert your content here<\/span><\/li><\/ul><\/div><\/div><\/div><div class=\"google-map\" id=\"google-map-area-69e5bdf1d711a\" style=\"width:100%; height:220px;\">&nbsp;<\/div><\/div>\n[\/vc_column][\/vc_row][vc_row][vc_column]<div class=\"fancy_heading fancy_heading_line\"><span class=\"slogan\">SONDERANGEBOT<\/span><h2 class=\"title\">Sea Renta a Boat Vodice<\/h2><\/div>\n[\/vc_column][\/vc_row][vc_row css=&#8220;.vc_custom_1445602210053{margin-bottom: 80px !important;}&#8220;][vc_column width=&#8220;1\/3&#8243; el_class=&#8220;style-simple&#8220;]<div class=\"sliding_box\"><a href=\"https:\/\/sea-rent-a-boat-vodice.com\/de\/rent-a-boat-vodice\/atlantic-marine-sun-cruiser-690\/\" target=\"_blank\"><div class=\"photo_wrapper\"><img class=\"scale-with-grid\" src=\"https:\/\/apartmani-gordana.com\/wp-content\/uploads\/2022\/02\/atlantic-marine-sun-cruiser-690.jpg\" alt=\"atlantic-marine-sun-cruiser-690\" width=\"600\" height=\"360\"\/><\/div><div class=\"desc_wrapper\"><h4>Atlantic Marine Sun Cruiser 690<\/h4><\/div><\/a><\/div>\n[\/vc_column][vc_column width=&#8220;1\/3&#8243; el_class=&#8220;style-simple&#8220;]<div class=\"sliding_box\"><a href=\"http:\/\/sea-rent-a-boat-vodice.com\/de\/rent-a-boat-vodice\/bat-indian-680\/\" target=\"_blank\"><div class=\"photo_wrapper\"><img class=\"scale-with-grid\" src=\"https:\/\/apartmani-gordana.com\/wp-content\/uploads\/2015\/08\/rent-a-boat-vodice-680-bat-indian.jpg\" alt=\"rent-a-boat-vodice-680-bat-indian\" width=\"600\" height=\"360\"\/><\/div><div class=\"desc_wrapper\"><h4>Bat Indian 680<\/h4><\/div><\/a><\/div>\n[\/vc_column][vc_column width=&#8220;1\/3&#8243; el_class=&#8220;style-simple&#8220;]<div class=\"sliding_box\"><a href=\"https:\/\/sea-rent-a-boat-vodice.com\/de\/rent-a-boat-vodice\/zodiac-n-zo-680\/\" target=\"_blank\"><div class=\"photo_wrapper\"><img class=\"scale-with-grid\" src=\"https:\/\/apartmani-gordana.com\/wp-content\/uploads\/2022\/02\/rent-a-boat-vodice-zodiac-680.jpg\" alt=\"rent-a-boat-vodice-zodiac-680\" width=\"600\" height=\"360\"\/><\/div><div class=\"desc_wrapper\"><h4>Zodiac N-ZO 680<\/h4><\/div><\/a><\/div>\n[\/vc_column][\/vc_row][vc_row css=&#8220;.vc_custom_1445602210053{margin-bottom: 80px !important;}&#8220;][vc_column width=&#8220;1\/3&#8243; el_class=&#8220;style-simple&#8220;]<div class=\"sliding_box\"><a href=\"https:\/\/sea-rent-a-boat-vodice.com\/de\/rent-a-boat-vodice\/quick-silver-605-sundesk\/\" target=\"_blank\"><div class=\"photo_wrapper\"><img class=\"scale-with-grid\" src=\"https:\/\/apartmani-gordana.com\/wp-content\/uploads\/2022\/02\/rent-a-boat-vodice-quicksilver-speedboat.png\" alt=\"rent-a-boat-vodice-quicksilver-speedboat\" width=\"600\" height=\"360\"\/><\/div><div class=\"desc_wrapper\"><h4>Quick Silver 605 SunDesk<\/h4><\/div><\/a><\/div>\n[\/vc_column][vc_column width=&#8220;1\/3&#8243; el_class=&#8220;style-simple&#8220;]<div class=\"sliding_box\"><a href=\"http:\/\/sea-rent-a-boat-vodice.com\/de\/rent-a-boat-vodice\/bluemax-550-open\/\" target=\"_blank\"><div class=\"photo_wrapper\"><img class=\"scale-with-grid\" src=\"https:\/\/apartmani-gordana.com\/wp-content\/uploads\/2015\/08\/rent-a-vodice-bluemax-550.jpg\" alt=\"rent-a-vodice-bluemax-550\" width=\"600\" height=\"360\"\/><\/div><div class=\"desc_wrapper\"><h4>BlueMax 550 Open<\/h4><\/div><\/a><\/div>\n[\/vc_column][vc_column width=&#8220;1\/3&#8243; el_class=&#8220;style-simple&#8220;]<div class=\"sliding_box\"><a href=\"http:\/\/sea-rent-a-boat-vodice.com\/de\/rent-a-boat-vodice\/maestral-570\/\" target=\"_blank\"><div class=\"photo_wrapper\"><img class=\"scale-with-grid\" src=\"https:\/\/apartmani-gordana.com\/wp-content\/uploads\/2015\/08\/rent-a-vodice-maestral-570.jpg\" alt=\"rent-a-vodice-maestral-570\" width=\"600\" height=\"360\"\/><\/div><div class=\"desc_wrapper\"><h4>Maestral 570<\/h4><\/div><\/a><\/div>\n[\/vc_column][\/vc_row][vc_row full_width=&#8220;stretch_row&#8220; css=&#8220;.vc_custom_1451897942746{border-top-width: 1px !important;border-bottom-width: 1px !important;padding-top: 40px !important;background-color: #f9f9f9 !important;border-top-color: rgba(0,0,0,0.08) !important;border-top-style: solid !important;border-bottom-color: rgba(0,0,0,0.08) !important;border-bottom-style: solid !important;}&#8220; el_class=&#8220;orange&#8220;][vc_column width=&#8220;1\/3&#8243;]<div class=\"icon_box icon_position_left has_border\"><a class=\"\" href=\"tel:+385%2098%20917%205618\"  ><div class=\"image_wrapper\"><img src=\"https:\/\/apartmani-gordana.com\/wp-content\/uploads\/2016\/01\/apartment-vodice-phone.png\" class=\"scale-with-grid\" alt=\"Vodice Apartments\" width=\"72\" height=\"72\"\/><\/div><div class=\"desc_wrapper\"><h4 class=\"title\">Rufen Sie uns heute<\/h4><div class=\"desc\">+385 (0)22 442 772<br \/>\n+385 98 917 5618<\/div><\/div><\/a><\/div>\n[\/vc_column][vc_column width=&#8220;1\/3&#8243;]<div class=\"icon_box icon_position_left has_border\"><a class=\"\" href=\"https:\/\/apartmani-gordana.com\/de\/kontakt\/\"  ><div class=\"image_wrapper\"><img src=\"https:\/\/apartmani-gordana.com\/wp-content\/uploads\/2016\/01\/apartment-vodice-mail.png\" class=\"scale-with-grid\" alt=\"Vodice Apartments\" width=\"72\" height=\"72\"\/><\/div><div class=\"desc_wrapper\"><h4 class=\"title\">Eine Nachricht schicken<\/h4><div class=\"desc\">Haben Sie Fragen oder ben\u00f6tigen Sie zus\u00e4tzliche Informationen? Informieren Sie sich hier!<\/div><\/div><\/a><\/div>\n[\/vc_column][vc_column width=&#8220;1\/3&#8243;]<div class=\"icon_box icon_position_left no_border\"><a class=\"\" href=\"https:\/\/apartmani-gordana.com\/de\/kontakt\/\"  ><div class=\"image_wrapper\"><img src=\"https:\/\/apartmani-gordana.com\/wp-content\/uploads\/2016\/01\/apartments-vodice-location.png\" class=\"scale-with-grid\" alt=\"Vodice Apartments\" width=\"72\" height=\"72\"\/><\/div><div class=\"desc_wrapper\"><h4 class=\"title\">Unsere Adresse<\/h4><div class=\"desc\">Grgurev A. Kukure 30<br \/>\n22211 Vodice, HR<\/div><\/div><\/a><\/div>\n[\/vc_column][\/vc_row]<\/p>\n","protected":false},"excerpt":{"rendered":"<p>[vc_row css=&#8220;.vc_custom_1445602198018{margin-top: 40px !important;margin-bottom: 40px !important;}&#8220;][vc_column width=&#8220;3\/4&#8243;][vc_column_text] Adriatischen K\u00fcste Das Adriatische Meer erstreckt sich vom Nordwesten nach S\u00fcdosten und umfasst das Gebiet zwischen der Balkan- und<span class=\"excerpt-hellip\"> [\u2026]<\/span><\/p>\n","protected":false},"author":1,"featured_media":1599,"parent":0,"menu_order":0,"comment_status":"closed","ping_status":"closed","template":"","meta":[],"yoast_head":"<!-- This site is optimized with the Yoast SEO plugin v20.3 - https:\/\/yoast.com\/wordpress\/plugins\/seo\/ -->\n<title>Vodice aquatorium | Apartments Vodice<\/title>\n<meta name=\"description\" content=\"Suche nach Appartement in Vodice? Wir bieten komfortable und gut eingerichtete Appartements, zu Fu\u00df nur\u00a0 wenige Minuten vom Zentrum und Strand - besten Preis!\" \/>\n<meta name=\"robots\" content=\"index, follow, max-snippet:-1, max-image-preview:large, max-video-preview:-1\" \/>\n<link rel=\"canonical\" href=\"https:\/\/apartmani-gordana.com\/de\/vodice-aquatorium\/\" \/>\n<meta property=\"og:locale\" content=\"de_DE\" \/>\n<meta property=\"og:type\" content=\"article\" \/>\n<meta property=\"og:title\" content=\"Vodice aquatorium | Apartments Vodice\" \/>\n<meta property=\"og:description\" content=\"Suche nach Appartement in Vodice? Wir bieten komfortable und gut eingerichtete Appartements, zu Fu\u00df nur\u00a0 wenige Minuten vom Zentrum und Strand - besten Preis!\" \/>\n<meta property=\"og:url\" content=\"https:\/\/apartmani-gordana.com\/de\/vodice-aquatorium\/\" \/>\n<meta property=\"og:site_name\" content=\"Apartments Vodice\" \/>\n<meta property=\"article:modified_time\" content=\"2022-02-26T14:02:35+00:00\" \/>\n<meta property=\"og:image\" content=\"https:\/\/apartmani-gordana.com\/wp-content\/uploads\/2015\/10\/vodice-aquatorium-photo-gallery.jpg\" \/>\n\t<meta property=\"og:image:width\" content=\"620\" \/>\n\t<meta property=\"og:image:height\" content=\"240\" \/>\n\t<meta property=\"og:image:type\" content=\"image\/jpeg\" \/>\n<meta name=\"twitter:card\" content=\"summary_large_image\" \/>\n<meta name=\"twitter:label1\" content=\"Gesch\u00e4tzte Lesezeit\" \/>\n\t<meta name=\"twitter:data1\" content=\"3\u00a0Minuten\" \/>\n<script type=\"application\/ld+json\" class=\"yoast-schema-graph\">{\"@context\":\"https:\/\/schema.org\",\"@graph\":[{\"@type\":\"WebPage\",\"@id\":\"https:\/\/apartmani-gordana.com\/de\/vodice-aquatorium\/\",\"url\":\"https:\/\/apartmani-gordana.com\/de\/vodice-aquatorium\/\",\"name\":\"Vodice aquatorium | Apartments Vodice\",\"isPartOf\":{\"@id\":\"https:\/\/apartmani-gordana.com\/#website\"},\"datePublished\":\"2015-08-09T20:00:50+00:00\",\"dateModified\":\"2022-02-26T14:02:35+00:00\",\"description\":\"Suche nach Appartement in Vodice? Wir bieten komfortable und gut eingerichtete Appartements, zu Fu\u00df nur\u00a0 wenige Minuten vom Zentrum und Strand - besten Preis!\",\"breadcrumb\":{\"@id\":\"https:\/\/apartmani-gordana.com\/de\/vodice-aquatorium\/#breadcrumb\"},\"inLanguage\":\"de\",\"potentialAction\":[{\"@type\":\"ReadAction\",\"target\":[\"https:\/\/apartmani-gordana.com\/de\/vodice-aquatorium\/\"]}]},{\"@type\":\"BreadcrumbList\",\"@id\":\"https:\/\/apartmani-gordana.com\/de\/vodice-aquatorium\/#breadcrumb\",\"itemListElement\":[{\"@type\":\"ListItem\",\"position\":1,\"name\":\"Home\",\"item\":\"https:\/\/apartmani-gordana.com\/de\/\"},{\"@type\":\"ListItem\",\"position\":2,\"name\":\"Vodice aquatorium\"}]},{\"@type\":\"WebSite\",\"@id\":\"https:\/\/apartmani-gordana.com\/#website\",\"url\":\"https:\/\/apartmani-gordana.com\/\",\"name\":\"Apartments Vodice\",\"description\":\"Vermietung attraktive und erschwingliche Boote in Vodice, Kroatien\",\"potentialAction\":[{\"@type\":\"SearchAction\",\"target\":{\"@type\":\"EntryPoint\",\"urlTemplate\":\"https:\/\/apartmani-gordana.com\/?s={search_term_string}\"},\"query-input\":\"required name=search_term_string\"}],\"inLanguage\":\"de\"}]}<\/script>\n<!-- \/ Yoast SEO plugin. -->","yoast_head_json":{"title":"Vodice aquatorium | Apartments Vodice","description":"Suche nach Appartement in Vodice? Wir bieten komfortable und gut eingerichtete Appartements, zu Fu\u00df nur\u00a0 wenige Minuten vom Zentrum und Strand - besten Preis!","robots":{"index":"index","follow":"follow","max-snippet":"max-snippet:-1","max-image-preview":"max-image-preview:large","max-video-preview":"max-video-preview:-1"},"canonical":"https:\/\/apartmani-gordana.com\/de\/vodice-aquatorium\/","og_locale":"de_DE","og_type":"article","og_title":"Vodice aquatorium | Apartments Vodice","og_description":"Suche nach Appartement in Vodice? Wir bieten komfortable und gut eingerichtete Appartements, zu Fu\u00df nur\u00a0 wenige Minuten vom Zentrum und Strand - besten Preis!","og_url":"https:\/\/apartmani-gordana.com\/de\/vodice-aquatorium\/","og_site_name":"Apartments Vodice","article_modified_time":"2022-02-26T14:02:35+00:00","og_image":[{"width":620,"height":240,"url":"https:\/\/apartmani-gordana.com\/wp-content\/uploads\/2015\/10\/vodice-aquatorium-photo-gallery.jpg","type":"image\/jpeg"}],"twitter_card":"summary_large_image","twitter_misc":{"Gesch\u00e4tzte Lesezeit":"3\u00a0Minuten"},"schema":{"@context":"https:\/\/schema.org","@graph":[{"@type":"WebPage","@id":"https:\/\/apartmani-gordana.com\/de\/vodice-aquatorium\/","url":"https:\/\/apartmani-gordana.com\/de\/vodice-aquatorium\/","name":"Vodice aquatorium | Apartments Vodice","isPartOf":{"@id":"https:\/\/apartmani-gordana.com\/#website"},"datePublished":"2015-08-09T20:00:50+00:00","dateModified":"2022-02-26T14:02:35+00:00","description":"Suche nach Appartement in Vodice? Wir bieten komfortable und gut eingerichtete Appartements, zu Fu\u00df nur\u00a0 wenige Minuten vom Zentrum und Strand - besten Preis!","breadcrumb":{"@id":"https:\/\/apartmani-gordana.com\/de\/vodice-aquatorium\/#breadcrumb"},"inLanguage":"de","potentialAction":[{"@type":"ReadAction","target":["https:\/\/apartmani-gordana.com\/de\/vodice-aquatorium\/"]}]},{"@type":"BreadcrumbList","@id":"https:\/\/apartmani-gordana.com\/de\/vodice-aquatorium\/#breadcrumb","itemListElement":[{"@type":"ListItem","position":1,"name":"Home","item":"https:\/\/apartmani-gordana.com\/de\/"},{"@type":"ListItem","position":2,"name":"Vodice aquatorium"}]},{"@type":"WebSite","@id":"https:\/\/apartmani-gordana.com\/#website","url":"https:\/\/apartmani-gordana.com\/","name":"Apartments Vodice","description":"Vermietung attraktive und erschwingliche Boote in Vodice, Kroatien","potentialAction":[{"@type":"SearchAction","target":{"@type":"EntryPoint","urlTemplate":"https:\/\/apartmani-gordana.com\/?s={search_term_string}"},"query-input":"required name=search_term_string"}],"inLanguage":"de"}]}},"_links":{"self":[{"href":"https:\/\/apartmani-gordana.com\/de\/wp-json\/wp\/v2\/pages\/2219"}],"collection":[{"href":"https:\/\/apartmani-gordana.com\/de\/wp-json\/wp\/v2\/pages"}],"about":[{"href":"https:\/\/apartmani-gordana.com\/de\/wp-json\/wp\/v2\/types\/page"}],"author":[{"embeddable":true,"href":"https:\/\/apartmani-gordana.com\/de\/wp-json\/wp\/v2\/users\/1"}],"replies":[{"embeddable":true,"href":"https:\/\/apartmani-gordana.com\/de\/wp-json\/wp\/v2\/comments?post=2219"}],"version-history":[{"count":5,"href":"https:\/\/apartmani-gordana.com\/de\/wp-json\/wp\/v2\/pages\/2219\/revisions"}],"predecessor-version":[{"id":3701,"href":"https:\/\/apartmani-gordana.com\/de\/wp-json\/wp\/v2\/pages\/2219\/revisions\/3701"}],"wp:featuredmedia":[{"embeddable":true,"href":"https:\/\/apartmani-gordana.com\/de\/wp-json\/wp\/v2\/media\/1599"}],"wp:attachment":[{"href":"https:\/\/apartmani-gordana.com\/de\/wp-json\/wp\/v2\/media?parent=2219"}],"curies":[{"name":"wp","href":"https:\/\/api.w.org\/{rel}","templated":true}]}}