{"id":2223,"date":"2015-10-08T14:15:32","date_gmt":"2015-10-08T12:15:32","guid":{"rendered":"https:\/\/apartmani-gordana.com\/de\/town-vodice\/"},"modified":"2016-01-04T20:59:23","modified_gmt":"2016-01-04T18:59:23","slug":"stadt-vodice","status":"publish","type":"page","link":"https:\/\/apartmani-gordana.com\/de\/stadt-vodice\/","title":{"rendered":"Stadt Vodice"},"content":{"rendered":"<p>[vc_row css=&#8220;.vc_custom_1445547949790{margin-top: 40px !important;margin-bottom: 40px !important;}&#8220;][vc_column width=&#8220;3\/4&#8243;][vc_column_text]<\/p>\n<h1><span id=\"result_box\" class=\"short_text\" lang=\"de\"><span class=\"hps\">\u00dcber<\/span> <span class=\"hps\">Vodice<\/span><\/span><\/h1>\n<p>Vodice ist ein touristisches Zentrum, das f\u00fcr seine Lebhaftigkeit, sein vielf\u00e4ltiges touristisches Angebot und seine freundlichen Gastgeber bekannt ist. Der Ort befindet sich an der K\u00fcste in einer breiten Bucht 11 km nordwestlich von \u0160ibenik, dem Zentrum der Gespanschaft \u0160ibenik-Knin. Heute leben in Vodice ca. 10.000 Einwohner. Es ist der ideale Urlaubsort, an dem jeder etwas Passendes f\u00fcr sich findet.<\/p>\n<p><span id=\"result_box\" class=\"\" lang=\"de\"><span class=\"hps\">Im Sommer<\/span> <span class=\"hps\">Stadt Vodice<\/span> <span class=\"hps\">werden<\/span> <span class=\"hps\">lebendiger Ort<\/span> <span class=\"hps\">und bietet<\/span> <span class=\"hps\">viele Aktivit\u00e4ten<\/span>, um ihre Besucher. <span class=\"hps\">Egal, ob Sie<\/span> <span class=\"hps\">Sport und Erholung<\/span>, Wassersport, <span class=\"hps\">gutes Essen,<\/span> <span class=\"hps\">Musik-Festivals,<\/span> <span class=\"hps\">mediterranes Ambiente<\/span>, das Nachtleben <span class=\"hps\">oder einfach nur<\/span> <span class=\"hps\">Familienurlaub<\/span> <span class=\"hps\">m\u00f6gen<\/span><span class=\"\">, werden Sie sich<\/span> <span class=\"hps\">in Vodice<\/span> <span class=\"hps\">finden.<\/span><\/span>[\/vc_column_text][vc_media_grid style=&#8220;load-more&#8220; items_per_page=&#8220;4&#8243; element_width=&#8220;3&#8243; gap=&#8220;20&#8243; btn_title=&#8220;Noch mehr Fotos&#8220; btn_shape=&#8220;square&#8220; btn_color=&#8220;peacoc&#8220; btn_size=&#8220;sm&#8220; btn_i_icon_fontawesome=&#8220;fa fa-camera&#8220; grid_id=&#8220;vc_gid:1451933888189-3bc835d7-5a3a-2&#8243; include=&#8220;1726,1725,1696,1724,1723,1722,1721,1682,1695,1719,1720,1681,1680,1679,1675,1673,1672,1671,1670,1669,1668,1667,1666,1665,1664,1663,1662,1622,1661,1660,1659,1658,1657,1656,1655,1654&#8243; btn_add_icon=&#8220;true&#8220;][vc_column_text]<\/p>\n<h1>\u00dcber Kroatien<\/h1>\n<p>Die Fl\u00e4che des Staatsgebietes von Kroatien betr\u00e4gt 56 594 km2 mit 31 479 km2 von f\u00fcr Segeln, Schwimmen und Tauchen geeignetem K\u00fcstengew\u00e4sser.<\/p>\n<p>Kroatien nimmt den Gro\u00dfteil der Ostk\u00fcste des Adriatischen Meeres ein, welches als ein Teil des Mittelmeeres tief in den europ\u00e4ischen Kontinent hineinragt. Die enge Bergkette Dinara trennt die Mittelmeerregion Kroatiens vom mitteleurop\u00e4ischen kontinentalen Teil,<\/p>\n<p>der sich von den \u00f6stlichen R\u00e4ndern der Alpen im Nordwesten bis zu den Donauufern im Osten erstreckt, dabei den s\u00fcdlichen Teil der fruchtbaren Pannonischen Tiefebene umfassend.<\/p>\n<p>Und wenn Ihnen die Sch\u00f6nheit dieser Landschaften nicht ausreicht, hier eine ganz frische Neuigkeit: das Leitungswasser ist in ganz Kroatien trinkbar.<\/p>\n<p>&nbsp;<\/p>\n<h1>Klima<\/h1>\n<div class=\"row\">\n<div class=\"col-sm-12\">\n<div class=\"text color-white\">\n<p>Kommen Sie nach Kroatien und genie\u00dfen Sie drei verschiedene Klimazonen:<\/p>\n<p>An der K\u00fcste herrscht ein angenehmes Mittelmeerklima, mit einer hohen Anzahl an Sonnentagen im Jahr. Die Sommer sind hei\u00df und trocken, und die Winter mild und feucht. Im Binnenland, das von einem gem\u00e4\u00dfigten Kontinentalklima gepr\u00e4gt ist, sind die Temperaturen etwas k\u00fchler.<\/p>\n<p>Auf H\u00f6hen von \u00fcber 1200 Metern k\u00f6nnen Sie frische Bergluft genie\u00dfen; in den Sommermonaten erreichen hier die Temperaturen ca. 13 \u00baC.<\/p><\/div>\n<\/div>\n<\/div>\n<p>[\/vc_column_text][vc_column_text]\r\n\t\t\t\t<style type=\"text\/css\">\r\n\t\t\t\t\t.simple-social-share ul {\r\n\t\t\t\t\t\tpadding: 0px;\r\n\t\t\t\t\t\tmargin: 0px;\r\n\t\t\t\t\t}\r\n\t\t\t\t\t.simple-social-share ul li {\r\n\t\t\t\t\t\tpadding: 0px;\r\n\t\t\t\t\t\tmargin: 0px;\r\n\t\t\t\t\t\tlist-style: none;\r\n\t\t\t\t\t\tdisplay: inline-block;\r\n\t\t\t\t\t\tborder: none;\r\n\t\t\t\t\t\twidth: auto;\r\n\t\t\t\t\t} \r\n\t\t\t\t\t.simple-social-share ul li a {\r\n\t\t\t\t\t\tmargin: 2px 5px 5px 0px;\r\n\t\t\t\t\t\tcolor: #fff;\r\n\t\t\t\t\t\ttext-decoration: none;\r\n\t\t\t\t\t\tdisplay: inline-block;\r\n\t\t\t\t\t\tline-height: 34px;\r\n\t\t\t\t\t\theight: 32px;\r\n\t\t\t\t\t\twidth: auto;\r\n\t\t\t\t\t\ttext-align: center;\r\n\t\t\t\t\t\tpadding: 0px 15px;\r\n\t\t\t\t\t\tfont-size: 16px;\r\n\t\t\t\t\t}\r\n\t\t\t\t\t.simple-social-share ul li a i {\r\n\t\t\t\t\t\tcolor: #fff;\r\n\t\t\t\t\t\tfont-size: 19px;\r\n\t\t\t\t\t    margin-left: 11px;\r\n\t\t\t\t\t}\r\n\t\t\t\t\t.simple-social-share ul li.facebook-share a {\r\n\t\t\t\t\t\tbackground: #3B5999;\r\n\t\t\t\t\t}\r\n\t\t\t\t\t\r\n\t\t\t\t\t.simple-social-share ul li.twitter-share a {\r\n\t\t\t\t\t\tbackground: #59D1DF;\r\n\t\t\t\t\t}\r\n\t\t\t\t\t.simple-social-share ul li.linkedin-share a {\r\n\t\t\t\t\t\tbackground: #0077b5;\r\n\t\t\t\t\t}\r\n\t\t\t\t\t.simple-social-share ul li.pinterest-share a {\r\n\t\t\t\t\t\tbackground: #CD252B;\r\n\t\t\t\t\t}\r\n\t\t\t\t\t.simple-social-share ul li.mail-share a {\r\n\t\t\t\t\t\tbackground: #27062D;\r\n\t\t\t\t\t}\r\n\t\t\t\t<\/style><div class=\"simple-social-share\"><ul><li class=\"facebook-share\"><a href=\"javascript:void(0);\" onclick=\"window.open('http:\/\/www.facebook.com\/sharer\/sharer.php?u=https%3A%2F%2Fapartmani-gordana.com%2Fde%2Fstadt-vodice%2F&t=Stadt+Vodice+%7C+Apartments+Vodice','popup','width=800,height=600'); return false;\" alt=\"Facebook\" target=\"_blank\">Facebook<i class=\"fa fa-facebook\"><\/i><\/a><\/li><li class=\"twitter-share\"><a href=\"javascript:void(0);\" onclick=\"window.open('https:\/\/twitter.com\/intent\/tweet?text=Stadt+Vodice+%7C+Apartments+Vodice: https%3A%2F%2Fapartmani-gordana.com%2Fde%2Fstadt-vodice%2F','popup','width=800,height=600'); return false;\" alt=\"Twitter\" target=\"_blank\">Twitter<i class=\"fa fa-twitter\"><\/i><\/a><\/li><li class=\"linkedin-share\"><a href=\"javascript:void(0);\" onclick=\"window.open('https:\/\/www.linkedin.com\/shareArticle?title=Stadt+Vodice+%7C+Apartments+Vodice&mini=true&url=https%3A%2F%2Fapartmani-gordana.com%2Fde%2Fstadt-vodice%2F','popup','width=800,height=600'); return false;\" alt=\"LinkedIn\" target=\"_blank\">LinkedIn<i class=\"fa fa-linkedin\"><\/i><\/a><\/li><\/ul><\/div>[\/vc_column_text][\/vc_column][vc_column width=&#8220;1\/4&#8243;]<div class=\"get_in_touch\" style=\"background-image:url(https:\/\/apartmani-gordana.com\/wp-content\/uploads\/2015\/10\/rent-a-boat-vodice-contacts.png);\"><h3>Kontaktieren Sie uns<\/h3><div class=\"get_in_touch_wrapper\"><ul><li class=\"address\"><span class=\"icon\"><i class=\"icon-location\"><\/i><\/span><span class=\"address_wrapper\"><b>Apartments Gordana<\/b><br \/>\nGrgurev A. Kukure 30<br \/>\n22211 Vodice, Hrvatska<br \/>\n<\/span><\/li><li class=\"phone phone-1\"><span class=\"icon\"><i class=\"icon-phone\"><\/i><\/span><p><a href=\"tel:+385(0)22442722\">+385 (0)22 442 722<\/a><\/p><\/li><li class=\"phone phone-2\"><span class=\"icon\"><i class=\"icon-phone\"><\/i><\/span><p><a href=\"tel:+385989175618\">+385 98 917 5618<\/a><\/p><\/li><li class=\"mail\"><span class=\"icon\"><i class=\"icon-mail\"><\/i><\/span><p><a href=\"mailto:gordana-babac@hotmail.com\">gordana-babac@hotmail.com<\/a><\/p><\/li><\/ul><\/div><\/div>\n<div class=\"google-map-wrapper no_border\"><div class=\"google-map\" id=\"google-map-area-69de22e6349c5\" style=\"width:100%; height:220px;\">&nbsp;<\/div><\/div>\n[\/vc_column][\/vc_row][vc_row css=&#8220;.vc_custom_1445609645089{margin-bottom: 80px !important;}&#8220;][vc_column width=&#8220;1\/2&#8243; el_class=&#8220;style-simple&#8220;]<div class=\"sliding_box\"><a href=\"http:\/\/sea-rent-a-boat-vodice.com\/de\/\" target=\"_blank\"><div class=\"photo_wrapper\"><img class=\"scale-with-grid\" src=\"https:\/\/apartmani-gordana.com\/wp-content\/uploads\/2015\/10\/vodice-rent-a-boat-link.jpg\" alt=\"Sea Rent a Boat Vodice\" width=\"620\" height=\"240\"\/><\/div><div class=\"desc_wrapper\"><h4>Rent a Boat Vodice<\/h4><\/div><\/a><\/div>\n[\/vc_column][vc_column width=&#8220;1\/2&#8243; el_class=&#8220;style-simple&#8220;]<div class=\"sliding_box\"><a href=\"https:\/\/apartmani-gordana.com\/de\/vodice-apartments\/\" ><div class=\"photo_wrapper\"><img class=\"scale-with-grid\" src=\"https:\/\/apartmani-gordana.com\/wp-content\/uploads\/2015\/10\/apartments-vodice-outside-link.jpg\" alt=\"Rent Apartments Vodice\" width=\"620\" height=\"240\"\/><\/div><div class=\"desc_wrapper\"><h4>Mietwohnungen Vodice<\/h4><\/div><\/a><\/div>\n[\/vc_column][\/vc_row][vc_row full_width=&#8220;stretch_row&#8220; css=&#8220;.vc_custom_1451897942746{border-top-width: 1px !important;border-bottom-width: 1px !important;padding-top: 40px !important;background-color: #f9f9f9 !important;border-top-color: rgba(0,0,0,0.08) !important;border-top-style: solid !important;border-bottom-color: rgba(0,0,0,0.08) !important;border-bottom-style: solid !important;}&#8220; el_class=&#8220;orange&#8220;][vc_column width=&#8220;1\/3&#8243;]<div class=\"icon_box icon_position_left has_border\"><a class=\"\" href=\"tel:+385%2098%20917%205618\"  ><div class=\"image_wrapper\"><img src=\"https:\/\/apartmani-gordana.com\/wp-content\/uploads\/2016\/01\/apartment-vodice-phone.png\" class=\"scale-with-grid\" alt=\"Vodice Apartments\" width=\"72\" height=\"72\"\/><\/div><div class=\"desc_wrapper\"><h4 class=\"title\">Rufen Sie uns heute<\/h4><div class=\"desc\">+385 (0)22 442 772<br \/>\n+385 98 917 5618<\/div><\/div><\/a><\/div>\n[\/vc_column][vc_column width=&#8220;1\/3&#8243;]<div class=\"icon_box icon_position_left has_border\"><a class=\"\" href=\"https:\/\/apartmani-gordana.com\/de\/kontakt\/\"  ><div class=\"image_wrapper\"><img src=\"https:\/\/apartmani-gordana.com\/wp-content\/uploads\/2016\/01\/apartment-vodice-mail.png\" class=\"scale-with-grid\" alt=\"Vodice Apartments\" width=\"72\" height=\"72\"\/><\/div><div class=\"desc_wrapper\"><h4 class=\"title\"> Eine Nachricht schicken<\/h4><div class=\"desc\">Haben Sie Fragen oder ben\u00f6tigen Sie zus\u00e4tzliche Informationen? Informieren Sie sich hier!<\/div><\/div><\/a><\/div>\n[\/vc_column][vc_column width=&#8220;1\/3&#8243;]<div class=\"icon_box icon_position_left no_border\"><a class=\"\" href=\"https:\/\/apartmani-gordana.com\/de\/kontakt\/\"  ><div class=\"image_wrapper\"><img src=\"https:\/\/apartmani-gordana.com\/wp-content\/uploads\/2016\/01\/apartments-vodice-location.png\" class=\"scale-with-grid\" alt=\"Vodice Apartments\" width=\"72\" height=\"72\"\/><\/div><div class=\"desc_wrapper\"><h4 class=\"title\"> Unsere Adresse<\/h4><div class=\"desc\">Grgurev A. Kukure 30<br \/>\n22211 Vodice, HR<\/div><\/div><\/a><\/div>\n[\/vc_column][\/vc_row]<\/p>\n","protected":false},"excerpt":{"rendered":"<p>[vc_row css=&#8220;.vc_custom_1445547949790{margin-top: 40px !important;margin-bottom: 40px !important;}&#8220;][vc_column width=&#8220;3\/4&#8243;][vc_column_text] \u00dcber Vodice Vodice ist ein touristisches Zentrum, das f\u00fcr seine Lebhaftigkeit, sein vielf\u00e4ltiges touristisches Angebot und seine freundlichen Gastgeber<span class=\"excerpt-hellip\"> [\u2026]<\/span><\/p>\n","protected":false},"author":1,"featured_media":1672,"parent":0,"menu_order":0,"comment_status":"closed","ping_status":"closed","template":"","meta":[],"yoast_head":"<!-- This site is optimized with the Yoast SEO plugin v20.3 - https:\/\/yoast.com\/wordpress\/plugins\/seo\/ -->\n<title>Vodice | Rent a Boat &amp; Apartments<\/title>\n<meta name=\"description\" content=\"Wenn Sie Erholung, Wassersport, gutes Essen, Festivals, Mediterranes ambiente, das Nachtleben oder Familienurlaub m\u00f6gen, werden Sie sich in Vodice finden.\" \/>\n<meta name=\"robots\" content=\"index, follow, max-snippet:-1, max-image-preview:large, max-video-preview:-1\" \/>\n<link rel=\"canonical\" href=\"https:\/\/apartmani-gordana.com\/de\/stadt-vodice\/\" \/>\n<meta property=\"og:locale\" content=\"de_DE\" \/>\n<meta property=\"og:type\" content=\"article\" \/>\n<meta property=\"og:title\" content=\"Vodice | Rent a Boat &amp; Apartments\" \/>\n<meta property=\"og:description\" content=\"Wenn Sie Erholung, Wassersport, gutes Essen, Festivals, Mediterranes ambiente, das Nachtleben oder Familienurlaub m\u00f6gen, werden Sie sich in Vodice finden.\" \/>\n<meta property=\"og:url\" content=\"https:\/\/apartmani-gordana.com\/de\/stadt-vodice\/\" \/>\n<meta property=\"og:site_name\" content=\"Apartments Vodice\" \/>\n<meta property=\"article:modified_time\" content=\"2016-01-04T18:59:23+00:00\" \/>\n<meta property=\"og:image\" content=\"https:\/\/apartmani-gordana.com\/wp-content\/uploads\/2015\/10\/rent-a-boat-apartments-vodice-20.jpg\" \/>\n\t<meta property=\"og:image:width\" content=\"1200\" \/>\n\t<meta property=\"og:image:height\" content=\"675\" \/>\n\t<meta property=\"og:image:type\" content=\"image\/jpeg\" \/>\n<meta name=\"twitter:card\" content=\"summary_large_image\" \/>\n<meta name=\"twitter:label1\" content=\"Gesch\u00e4tzte Lesezeit\" \/>\n\t<meta name=\"twitter:data1\" content=\"3\u00a0Minuten\" \/>\n<script type=\"application\/ld+json\" class=\"yoast-schema-graph\">{\"@context\":\"https:\/\/schema.org\",\"@graph\":[{\"@type\":\"WebPage\",\"@id\":\"https:\/\/apartmani-gordana.com\/de\/stadt-vodice\/\",\"url\":\"https:\/\/apartmani-gordana.com\/de\/stadt-vodice\/\",\"name\":\"Vodice | Rent a Boat & Apartments\",\"isPartOf\":{\"@id\":\"https:\/\/apartmani-gordana.com\/#website\"},\"datePublished\":\"2015-10-08T12:15:32+00:00\",\"dateModified\":\"2016-01-04T18:59:23+00:00\",\"description\":\"Wenn Sie Erholung, Wassersport, gutes Essen, Festivals, Mediterranes ambiente, das Nachtleben oder Familienurlaub m\u00f6gen, werden Sie sich in Vodice finden.\",\"breadcrumb\":{\"@id\":\"https:\/\/apartmani-gordana.com\/de\/stadt-vodice\/#breadcrumb\"},\"inLanguage\":\"de\",\"potentialAction\":[{\"@type\":\"ReadAction\",\"target\":[\"https:\/\/apartmani-gordana.com\/de\/stadt-vodice\/\"]}]},{\"@type\":\"BreadcrumbList\",\"@id\":\"https:\/\/apartmani-gordana.com\/de\/stadt-vodice\/#breadcrumb\",\"itemListElement\":[{\"@type\":\"ListItem\",\"position\":1,\"name\":\"Home\",\"item\":\"https:\/\/apartmani-gordana.com\/de\/\"},{\"@type\":\"ListItem\",\"position\":2,\"name\":\"Stadt Vodice\"}]},{\"@type\":\"WebSite\",\"@id\":\"https:\/\/apartmani-gordana.com\/#website\",\"url\":\"https:\/\/apartmani-gordana.com\/\",\"name\":\"Apartments Vodice\",\"description\":\"Vermietung attraktive und erschwingliche Boote in Vodice, Kroatien\",\"potentialAction\":[{\"@type\":\"SearchAction\",\"target\":{\"@type\":\"EntryPoint\",\"urlTemplate\":\"https:\/\/apartmani-gordana.com\/?s={search_term_string}\"},\"query-input\":\"required name=search_term_string\"}],\"inLanguage\":\"de\"}]}<\/script>\n<!-- \/ Yoast SEO plugin. -->","yoast_head_json":{"title":"Vodice | Rent a Boat & Apartments","description":"Wenn Sie Erholung, Wassersport, gutes Essen, Festivals, Mediterranes ambiente, das Nachtleben oder Familienurlaub m\u00f6gen, werden Sie sich in Vodice finden.","robots":{"index":"index","follow":"follow","max-snippet":"max-snippet:-1","max-image-preview":"max-image-preview:large","max-video-preview":"max-video-preview:-1"},"canonical":"https:\/\/apartmani-gordana.com\/de\/stadt-vodice\/","og_locale":"de_DE","og_type":"article","og_title":"Vodice | Rent a Boat & Apartments","og_description":"Wenn Sie Erholung, Wassersport, gutes Essen, Festivals, Mediterranes ambiente, das Nachtleben oder Familienurlaub m\u00f6gen, werden Sie sich in Vodice finden.","og_url":"https:\/\/apartmani-gordana.com\/de\/stadt-vodice\/","og_site_name":"Apartments Vodice","article_modified_time":"2016-01-04T18:59:23+00:00","og_image":[{"width":1200,"height":675,"url":"https:\/\/apartmani-gordana.com\/wp-content\/uploads\/2015\/10\/rent-a-boat-apartments-vodice-20.jpg","type":"image\/jpeg"}],"twitter_card":"summary_large_image","twitter_misc":{"Gesch\u00e4tzte Lesezeit":"3\u00a0Minuten"},"schema":{"@context":"https:\/\/schema.org","@graph":[{"@type":"WebPage","@id":"https:\/\/apartmani-gordana.com\/de\/stadt-vodice\/","url":"https:\/\/apartmani-gordana.com\/de\/stadt-vodice\/","name":"Vodice | Rent a Boat & Apartments","isPartOf":{"@id":"https:\/\/apartmani-gordana.com\/#website"},"datePublished":"2015-10-08T12:15:32+00:00","dateModified":"2016-01-04T18:59:23+00:00","description":"Wenn Sie Erholung, Wassersport, gutes Essen, Festivals, Mediterranes ambiente, das Nachtleben oder Familienurlaub m\u00f6gen, werden Sie sich in Vodice finden.","breadcrumb":{"@id":"https:\/\/apartmani-gordana.com\/de\/stadt-vodice\/#breadcrumb"},"inLanguage":"de","potentialAction":[{"@type":"ReadAction","target":["https:\/\/apartmani-gordana.com\/de\/stadt-vodice\/"]}]},{"@type":"BreadcrumbList","@id":"https:\/\/apartmani-gordana.com\/de\/stadt-vodice\/#breadcrumb","itemListElement":[{"@type":"ListItem","position":1,"name":"Home","item":"https:\/\/apartmani-gordana.com\/de\/"},{"@type":"ListItem","position":2,"name":"Stadt Vodice"}]},{"@type":"WebSite","@id":"https:\/\/apartmani-gordana.com\/#website","url":"https:\/\/apartmani-gordana.com\/","name":"Apartments Vodice","description":"Vermietung attraktive und erschwingliche Boote in Vodice, Kroatien","potentialAction":[{"@type":"SearchAction","target":{"@type":"EntryPoint","urlTemplate":"https:\/\/apartmani-gordana.com\/?s={search_term_string}"},"query-input":"required name=search_term_string"}],"inLanguage":"de"}]}},"_links":{"self":[{"href":"https:\/\/apartmani-gordana.com\/de\/wp-json\/wp\/v2\/pages\/2223"}],"collection":[{"href":"https:\/\/apartmani-gordana.com\/de\/wp-json\/wp\/v2\/pages"}],"about":[{"href":"https:\/\/apartmani-gordana.com\/de\/wp-json\/wp\/v2\/types\/page"}],"author":[{"embeddable":true,"href":"https:\/\/apartmani-gordana.com\/de\/wp-json\/wp\/v2\/users\/1"}],"replies":[{"embeddable":true,"href":"https:\/\/apartmani-gordana.com\/de\/wp-json\/wp\/v2\/comments?post=2223"}],"version-history":[{"count":3,"href":"https:\/\/apartmani-gordana.com\/de\/wp-json\/wp\/v2\/pages\/2223\/revisions"}],"predecessor-version":[{"id":2781,"href":"https:\/\/apartmani-gordana.com\/de\/wp-json\/wp\/v2\/pages\/2223\/revisions\/2781"}],"wp:featuredmedia":[{"embeddable":true,"href":"https:\/\/apartmani-gordana.com\/de\/wp-json\/wp\/v2\/media\/1672"}],"wp:attachment":[{"href":"https:\/\/apartmani-gordana.com\/de\/wp-json\/wp\/v2\/media?parent=2223"}],"curies":[{"name":"wp","href":"https:\/\/api.w.org\/{rel}","templated":true}]}}