{"id":14,"date":"2015-10-08T10:16:24","date_gmt":"2015-10-08T10:16:24","guid":{"rendered":"https:\/\/apartmani-gordana.com\/rent-a-boat-vodice-hire-attractive-boats-at-cheapest-price-2\/"},"modified":"2022-02-26T14:39:16","modified_gmt":"2022-02-26T12:39:16","slug":"sea-rent-a-boat-vodice","status":"publish","type":"page","link":"https:\/\/apartmani-gordana.com\/hr\/","title":{"rendered":"Apartmani Vodice"},"content":{"rendered":"<p>[vc_row full_width=&#8221;stretch_row&#8221; css=&#8221;.vc_custom_1451828439299{padding-top: 50px !important;padding-bottom: 10px !important;background-color: #ffa225 !important;}&#8221;][vc_column width=&#8221;1\/3&#8243; el_class=&#8221;front_page_top&#8221;]<div class=\"icon_box icon_position_left has_border\"><div class=\"image_wrapper\"><img src=\"https:\/\/apartmani-gordana.com\/wp-content\/uploads\/2015\/10\/vodice-apartments-beach.png\" class=\"scale-with-grid\" alt=\"Apartments Vodice\" width=\"120\" height=\"120\"\/><\/div><div class=\"desc_wrapper\"><h4 class=\"title\">Prekrasne pla\u017ee<\/h4><div class=\"desc\">Vodice su okru\u017eene prekrasnim pla\u017eama. Na\u0161i apartmani su udaljeni svega nekoliko minuta hoda do njih.<\/div><\/div><\/div>\n[\/vc_column][vc_column width=&#8221;1\/3&#8243;]<div class=\"icon_box icon_position_left has_border\"><div class=\"image_wrapper\"><img src=\"https:\/\/apartmani-gordana.com\/wp-content\/uploads\/2015\/10\/apartments-vodice-town-center.png\" class=\"scale-with-grid\" alt=\"Apartments Vodice\" width=\"120\" height=\"120\"\/><\/div><div class=\"desc_wrapper\"><h4 class=\"title\">U blizini centra<\/h4><div class=\"desc\">Nalazimo se u mirnom dijelu grada i garantiramo Vam miran i spokojan boravak. No ipak \u0107ete biti dovoljno blizu svim zanimljivostima.<\/div><\/div><\/div>\n[\/vc_column][vc_column width=&#8221;1\/3&#8243;]<div class=\"icon_box icon_position_left no_border\"><div class=\"image_wrapper\"><img src=\"https:\/\/apartmani-gordana.com\/wp-content\/uploads\/2015\/10\/vodice-apartments-smile.png\" class=\"scale-with-grid\" alt=\"Vodice Apartments\" width=\"120\" height=\"120\"\/><\/div><div class=\"desc_wrapper\"><h4 class=\"title\">Doga\u0111anja i aktivnosti<\/h4><div class=\"desc\">Tijekom ljeta Vodicama postaju \u017eivo mjesto s mno\u0161tvom doga\u0111anja i aktivnosti, gdje svatko mo\u017ee prona\u0107i ne\u0161to \u0161to \u0107e u\u017eivati.<br \/>\n<\/div><\/div><\/div>\n[\/vc_column][\/vc_row][vc_row full_width=&#8221;stretch_row&#8221; css=&#8221;.vc_custom_1445457219092{margin-top: 80px !important;}&#8221;][vc_column el_class=&#8221;heading-centerd special-heading&#8221;][vc_column_text]<div class=\"hr_zigzag\" style=\"margin:0 auto 30px\"><i class=\"icon-down-open\" style=\"\"><\/i><i class=\"icon-down-open\" style=\"\"><\/i><i class=\"icon-down-open\" style=\"\"><\/i><\/div>\n[\/vc_column_text]<div class=\"fancy_heading fancy_heading_line\"><span class=\"slogan\">Psebna ponuda<\/span><h1 class=\"title\">Apartmani Gordana Vodice<\/h1><div class=\"inside\">Na\u0161i komforni apartmani nalaze se u mirnom dijelu grada, samo nekoliko minuta hoda od centra grada i glavne gradske pla\u017ee. Sva tri apartmana su funkcionalno namje\u0161tena i potpuno opremljena. Iznajmite li na\u0161 apartman, kao posebnu ponudu, dobiti \u0107ete popust na najam bilo kojeg od na\u0161ih brodova.<\/div><\/div>\n[vc_row_inner css=&#8221;.vc_custom_1442957682349{margin-top: 80px !important;margin-bottom: 40px !important;}&#8221;][vc_column_inner width=&#8221;1\/3&#8243;]<div class=\"trailer_box \"><a href=\"https:\/\/apartmani-gordana.com\/hr\/apartmani-vodice\/apartman-1\" ><img class=\"scale-with-grid\" src=\"https:\/\/apartmani-gordana.com\/wp-content\/uploads\/2015\/10\/apartments-vodice-a1.jpg\" alt=\"Vodice apartment\" width=\"800\" height=\"631\"\/><div class=\"desc\"><div class=\"subtitle\">ve\u0107 od 70\u20ac za no\u0107<\/div><h2>Apartman 4 + 1<\/h2><div class=\"line\"><\/div><\/div><\/a><\/div>\n[\/vc_column_inner][vc_column_inner width=&#8221;1\/3&#8243;]<div class=\"trailer_box \"><a href=\"https:\/\/apartmani-gordana.com\/hr\/apartmani-vodice\/apartman-2\/\" ><img class=\"scale-with-grid\" src=\"https:\/\/apartmani-gordana.com\/wp-content\/uploads\/2015\/10\/apartments-vodice-a2.jpg\" alt=\"Vodice apartment\" width=\"800\" height=\"631\"\/><div class=\"desc\"><div class=\"subtitle\">ve\u0107 od 50\u20ac za no\u0107<\/div><h2>Apartman 2 + 1<\/h2><div class=\"line\"><\/div><\/div><\/a><\/div>\n[\/vc_column_inner][vc_column_inner width=&#8221;1\/3&#8243;]<div class=\"trailer_box \"><a href=\"https:\/\/apartmani-gordana.com\/hr\/apartmani-vodice\/apartman-3\/\" ><img class=\"scale-with-grid\" src=\"https:\/\/apartmani-gordana.com\/wp-content\/uploads\/2015\/10\/apartments-vodice-a3.jpg\" alt=\"Vodice apartment\" width=\"800\" height=\"631\"\/><div class=\"desc\"><div class=\"subtitle\">ve\u0107 od 75\u20ac za no\u0107<\/div><h2>Apartman 4 + 2<\/h2><div class=\"line\"><\/div><\/div><\/a><\/div>\n[\/vc_column_inner][\/vc_row_inner][\/vc_column][\/vc_row][vc_row full_width=&#8221;stretch_row&#8221; parallax=&#8221;content-moving&#8221; parallax_image=&#8221;2663&#8243; css=&#8221;.vc_custom_1451928464656{padding-top: 80px !important;padding-bottom: 40px !important;}&#8221;][vc_column el_class=&#8221;front_page_top&#8221;][vc_column_text]<\/p>\n<h1>Zapo\u010dnite s planiranjem svog odmora<\/h1>\n<p>Imamo sve \u0161to \u0107e Vam biti potrebno za to. Unajmite na\u0161e udobne apartmane za ugodan boravak. Povedite svoju obitelj i prijatelje na uzbudljiv izlet brodom iznajmljivanjem na\u0161ih atraktivnih brodova. U\u010dinite svoj odmor nezaboravnim do\u017eivljajem.<\/p>\n<p style=\"text-align: center;\"><a class=\"button  has-icon button_right button_size_2\" href=\"https:\/\/apartmani-gordana.com\/hr\/kontakt\/\" style=\"background-color:#ffa225!important;color:#ffffff;\"    ><span class=\"button_icon\"><i class=\"icon-right-open\"  style=\"color:#ffffff!important;\"><\/i><\/span><span class=\"button_label\">Kontaktirajte nas<\/span><\/a>\n<\/p>\n<p>[\/vc_column_text][\/vc_column][\/vc_row][vc_row css=&#8221;.vc_custom_1451928600714{margin-top: 100px !important;margin-bottom: 20px !important;}&#8221;][vc_column][vc_column_text]<div class=\"hr_zigzag\" style=\"margin:0 auto 30px\"><i class=\"icon-down-open\" style=\"\"><\/i><i class=\"icon-down-open\" style=\"\"><\/i><i class=\"icon-down-open\" style=\"\"><\/i><\/div>\n[\/vc_column_text]<div class=\"fancy_heading fancy_heading_line\"><span class=\"slogan\">Vode\u0107a hrvatska turisti\u010dka destinacija<\/span><h1 class=\"title\">Mjesto Vodice<\/h1><div class=\"inside\">Vodice su turisti\u010dko sredi\u0161te poznato po svojoj \u017eivosti i raznolikosti turisti\u010dke ponude te ljubaznim doma\u0107inima. To obalno mjesto smje\u0161teno je u \u0161irokom zaljevu, 11 km sjeverozapadno od grada \u0160ibenika, srednjovjekovnog grada s dvorcima iz doba Renesanse. Okru\u017eeno brojnim spokojnim i slikovitom otocima, mjesto Vodice je savr\u0161ena polazna to\u010dka za po\u010detak istra\u017eivanja brojnih skrivenih uvala i pla\u017ea. Vodice danas broje 10.000 stanovnika i idealno su mjesto za odmor gdje \u0107e svatko prona\u0107i ne\u0161to u \u010demu \u0107e u\u017eivati.<\/div><\/div>\n[\/vc_column][\/vc_row][vc_row css=&#8221;.vc_custom_1451928606362{margin-bottom: 80px !important;}&#8221;][vc_column width=&#8221;1\/2&#8243; el_class=&#8221;style-simple&#8221;]<div class=\"sliding_box\"><a href=\"https:\/\/apartmani-gordana.com\/hr\/mjesto-vodice\/\" ><div class=\"photo_wrapper\"><img class=\"scale-with-grid\" src=\"https:\/\/apartmani-gordana.com\/wp-content\/uploads\/2015\/10\/vodice-town-photo-gallery.jpg\" alt=\"Vodice town photo gallery\" width=\"620\" height=\"240\"\/><\/div><div class=\"desc_wrapper\"><h4>Vodice foto \u0161etnja<\/h4><\/div><\/a><\/div>\n[\/vc_column][vc_column width=&#8221;1\/2&#8243; el_class=&#8221;style-simple&#8221;]<div class=\"sliding_box\"><a href=\"https:\/\/apartmani-gordana.com\/hr\/vodice-akvatorij\/\" ><div class=\"photo_wrapper\"><img class=\"scale-with-grid\" src=\"https:\/\/apartmani-gordana.com\/wp-content\/uploads\/2015\/10\/vodice-aquatorium-photo-gallery.jpg\" alt=\"Vodice aquatorium photo gallery\" width=\"620\" height=\"240\"\/><\/div><div class=\"desc_wrapper\"><h4>Galerija akvatorija<\/h4><\/div><\/a><\/div>\n[\/vc_column][\/vc_row][vc_row full_width=&#8221;stretch_row&#8221; css=&#8221;.vc_custom_1451897942746{border-top-width: 1px !important;border-bottom-width: 1px !important;padding-top: 40px !important;background-color: #f9f9f9 !important;border-top-color: rgba(0,0,0,0.08) !important;border-top-style: solid !important;border-bottom-color: rgba(0,0,0,0.08) !important;border-bottom-style: solid !important;}&#8221; el_class=&#8221;orange&#8221;][vc_column width=&#8221;1\/3&#8243;]<div class=\"icon_box icon_position_left has_border\"><a class=\"\" href=\"tel:+385%2098%20917%205618\"  ><div class=\"image_wrapper\"><img src=\"https:\/\/apartmani-gordana.com\/wp-content\/uploads\/2016\/01\/apartment-vodice-phone.png\" class=\"scale-with-grid\" alt=\"Vodice Apartments\" width=\"72\" height=\"72\"\/><\/div><div class=\"desc_wrapper\"><h4 class=\"title\">Nazovite nas danas<\/h4><div class=\"desc\">+385 (0)22 442 772<br \/>\n+385 98 917 5618<\/div><\/div><\/a><\/div>\n[\/vc_column][vc_column width=&#8221;1\/3&#8243;]<div class=\"icon_box icon_position_left has_border\"><a class=\"\" href=\"https:\/\/apartmani-gordana.com\/hr\/kontakt\/\"  ><div class=\"image_wrapper\"><img src=\"https:\/\/apartmani-gordana.com\/wp-content\/uploads\/2016\/01\/apartment-vodice-mail.png\" class=\"scale-with-grid\" alt=\"Vodice Apartments\" width=\"72\" height=\"72\"\/><\/div><div class=\"desc_wrapper\"><h4 class=\"title\">Po\u0161aljite poruku<\/h4><div class=\"desc\">Imate pitanje ili trebate dodatne informacije? Raspitajte se ovdje!<\/div><\/div><\/a><\/div>\n[\/vc_column][vc_column width=&#8221;1\/3&#8243;]<div class=\"icon_box icon_position_left no_border\"><a class=\"\" href=\"https:\/\/apartmani-gordana.com\/hr\/kontakt\/\"  ><div class=\"image_wrapper\"><img src=\"https:\/\/apartmani-gordana.com\/wp-content\/uploads\/2016\/01\/apartments-vodice-location.png\" class=\"scale-with-grid\" alt=\"Vodice Apartments\" width=\"72\" height=\"72\"\/><\/div><div class=\"desc_wrapper\"><h4 class=\"title\">Na\u0161a adresa<\/h4><div class=\"desc\">Grgurev A. Kukure 30<br \/>\n22211 Vodice, HR<\/div><\/div><\/a><\/div>\n[\/vc_column][\/vc_row][vc_row full_width=&#8221;stretch_row_content_no_spaces&#8221; el_class=&#8221;map-footer&#8221;][vc_column]<div class=\"google-map-wrapper no_border\"><div class=\"google-map\" id=\"google-map-area-69dfa91336ae3\" style=\"width:100%; height:400px;\">&nbsp;<\/div><\/div>\n[\/vc_column][\/vc_row]<\/p>\n","protected":false},"excerpt":{"rendered":"<p>[vc_row full_width=&#8221;stretch_row&#8221; css=&#8221;.vc_custom_1451828439299{padding-top: 50px !important;padding-bottom: 10px !important;background-color: #ffa225 !important;}&#8221;][vc_column width=&#8221;1\/3&#8243; el_class=&#8221;front_page_top&#8221;][\/vc_column][vc_column width=&#8221;1\/3&#8243;][\/vc_column][vc_column width=&#8221;1\/3&#8243;][\/vc_column][\/vc_row][vc_row full_width=&#8221;stretch_row&#8221; css=&#8221;.vc_custom_1445457219092{margin-top: 80px !important;}&#8221;][vc_column el_class=&#8221;heading-centerd special-heading&#8221;][vc_column_text][\/vc_column_text][vc_row_inner css=&#8221;.vc_custom_1442957682349{margin-top: 80px !important;margin-bottom: 40px !important;}&#8221;][vc_column_inner width=&#8221;1\/3&#8243;][\/vc_column_inner][vc_column_inner width=&#8221;1\/3&#8243;][\/vc_column_inner][vc_column_inner<span class=\"excerpt-hellip\"> [\u2026]<\/span><\/p>\n","protected":false},"author":1,"featured_media":0,"parent":0,"menu_order":0,"comment_status":"closed","ping_status":"closed","template":"","meta":[],"yoast_head":"<!-- This site is optimized with the Yoast SEO plugin v20.3 - https:\/\/yoast.com\/wordpress\/plugins\/seo\/ -->\n<title>Apartmani Vodice | Apartmani Vodice<\/title>\n<meta name=\"description\" content=\"Tra\u017eite apartman u Vodicama? Imamo u ponudi nekoliko udobnih i dobro opremljenih apartmana, desetak minuta hoda od centra grada i pla\u017ee po najboljoj cijeni!\" \/>\n<meta name=\"robots\" content=\"index, follow, max-snippet:-1, max-image-preview:large, max-video-preview:-1\" \/>\n<link rel=\"canonical\" href=\"https:\/\/apartmani-gordana.com\/hr\/\" \/>\n<meta property=\"og:locale\" content=\"hr_HR\" \/>\n<meta property=\"og:type\" content=\"article\" \/>\n<meta property=\"og:title\" content=\"Apartmani Vodice | Apartmani Vodice\" \/>\n<meta property=\"og:description\" content=\"Tra\u017eite apartman u Vodicama? Imamo u ponudi nekoliko udobnih i dobro opremljenih apartmana, desetak minuta hoda od centra grada i pla\u017ee po najboljoj cijeni!\" \/>\n<meta property=\"og:url\" content=\"https:\/\/apartmani-gordana.com\/hr\/\" \/>\n<meta property=\"og:site_name\" content=\"Apartmani Vodice\" \/>\n<meta property=\"article:modified_time\" content=\"2022-02-26T12:39:16+00:00\" \/>\n<meta name=\"twitter:card\" content=\"summary_large_image\" \/>\n<meta name=\"twitter:label1\" content=\"Procijenjeno vrijeme \u010ditanja\" \/>\n\t<meta name=\"twitter:data1\" content=\"4 minute\" \/>\n<script type=\"application\/ld+json\" class=\"yoast-schema-graph\">{\"@context\":\"https:\/\/schema.org\",\"@graph\":[{\"@type\":\"WebPage\",\"@id\":\"https:\/\/apartmani-gordana.com\/hr\/\",\"url\":\"https:\/\/apartmani-gordana.com\/hr\/\",\"name\":\"Apartmani Vodice | Apartmani Vodice\",\"isPartOf\":{\"@id\":\"https:\/\/apartmani-gordana.com\/#website\"},\"datePublished\":\"2015-10-08T10:16:24+00:00\",\"dateModified\":\"2022-02-26T12:39:16+00:00\",\"description\":\"Tra\u017eite apartman u Vodicama? Imamo u ponudi nekoliko udobnih i dobro opremljenih apartmana, desetak minuta hoda od centra grada i pla\u017ee po najboljoj cijeni!\",\"breadcrumb\":{\"@id\":\"https:\/\/apartmani-gordana.com\/hr\/#breadcrumb\"},\"inLanguage\":\"hr\",\"potentialAction\":[{\"@type\":\"ReadAction\",\"target\":[\"https:\/\/apartmani-gordana.com\/hr\/\"]}]},{\"@type\":\"BreadcrumbList\",\"@id\":\"https:\/\/apartmani-gordana.com\/hr\/#breadcrumb\",\"itemListElement\":[{\"@type\":\"ListItem\",\"position\":1,\"name\":\"Home\",\"item\":\"https:\/\/apartmani-gordana.com\/hr\/\"},{\"@type\":\"ListItem\",\"position\":2,\"name\":\"Apartmani Vodice\"}]},{\"@type\":\"WebSite\",\"@id\":\"https:\/\/apartmani-gordana.com\/#website\",\"url\":\"https:\/\/apartmani-gordana.com\/\",\"name\":\"Apartmani Vodice\",\"description\":\"Najam atraktivnih plovila po povoljnim cijenama Vodice, Hrvatska\",\"potentialAction\":[{\"@type\":\"SearchAction\",\"target\":{\"@type\":\"EntryPoint\",\"urlTemplate\":\"https:\/\/apartmani-gordana.com\/?s={search_term_string}\"},\"query-input\":\"required name=search_term_string\"}],\"inLanguage\":\"hr\"}]}<\/script>\n<!-- \/ Yoast SEO plugin. -->","yoast_head_json":{"title":"Apartmani Vodice | Apartmani Vodice","description":"Tra\u017eite apartman u Vodicama? Imamo u ponudi nekoliko udobnih i dobro opremljenih apartmana, desetak minuta hoda od centra grada i pla\u017ee po najboljoj cijeni!","robots":{"index":"index","follow":"follow","max-snippet":"max-snippet:-1","max-image-preview":"max-image-preview:large","max-video-preview":"max-video-preview:-1"},"canonical":"https:\/\/apartmani-gordana.com\/hr\/","og_locale":"hr_HR","og_type":"article","og_title":"Apartmani Vodice | Apartmani Vodice","og_description":"Tra\u017eite apartman u Vodicama? Imamo u ponudi nekoliko udobnih i dobro opremljenih apartmana, desetak minuta hoda od centra grada i pla\u017ee po najboljoj cijeni!","og_url":"https:\/\/apartmani-gordana.com\/hr\/","og_site_name":"Apartmani Vodice","article_modified_time":"2022-02-26T12:39:16+00:00","twitter_card":"summary_large_image","twitter_misc":{"Procijenjeno vrijeme \u010ditanja":"4 minute"},"schema":{"@context":"https:\/\/schema.org","@graph":[{"@type":"WebPage","@id":"https:\/\/apartmani-gordana.com\/hr\/","url":"https:\/\/apartmani-gordana.com\/hr\/","name":"Apartmani Vodice | Apartmani Vodice","isPartOf":{"@id":"https:\/\/apartmani-gordana.com\/#website"},"datePublished":"2015-10-08T10:16:24+00:00","dateModified":"2022-02-26T12:39:16+00:00","description":"Tra\u017eite apartman u Vodicama? Imamo u ponudi nekoliko udobnih i dobro opremljenih apartmana, desetak minuta hoda od centra grada i pla\u017ee po najboljoj cijeni!","breadcrumb":{"@id":"https:\/\/apartmani-gordana.com\/hr\/#breadcrumb"},"inLanguage":"hr","potentialAction":[{"@type":"ReadAction","target":["https:\/\/apartmani-gordana.com\/hr\/"]}]},{"@type":"BreadcrumbList","@id":"https:\/\/apartmani-gordana.com\/hr\/#breadcrumb","itemListElement":[{"@type":"ListItem","position":1,"name":"Home","item":"https:\/\/apartmani-gordana.com\/hr\/"},{"@type":"ListItem","position":2,"name":"Apartmani Vodice"}]},{"@type":"WebSite","@id":"https:\/\/apartmani-gordana.com\/#website","url":"https:\/\/apartmani-gordana.com\/","name":"Apartmani Vodice","description":"Najam atraktivnih plovila po povoljnim cijenama Vodice, Hrvatska","potentialAction":[{"@type":"SearchAction","target":{"@type":"EntryPoint","urlTemplate":"https:\/\/apartmani-gordana.com\/?s={search_term_string}"},"query-input":"required name=search_term_string"}],"inLanguage":"hr"}]}},"_links":{"self":[{"href":"https:\/\/apartmani-gordana.com\/hr\/wp-json\/wp\/v2\/pages\/14"}],"collection":[{"href":"https:\/\/apartmani-gordana.com\/hr\/wp-json\/wp\/v2\/pages"}],"about":[{"href":"https:\/\/apartmani-gordana.com\/hr\/wp-json\/wp\/v2\/types\/page"}],"author":[{"embeddable":true,"href":"https:\/\/apartmani-gordana.com\/hr\/wp-json\/wp\/v2\/users\/1"}],"replies":[{"embeddable":true,"href":"https:\/\/apartmani-gordana.com\/hr\/wp-json\/wp\/v2\/comments?post=14"}],"version-history":[{"count":12,"href":"https:\/\/apartmani-gordana.com\/hr\/wp-json\/wp\/v2\/pages\/14\/revisions"}],"predecessor-version":[{"id":3670,"href":"https:\/\/apartmani-gordana.com\/hr\/wp-json\/wp\/v2\/pages\/14\/revisions\/3670"}],"wp:attachment":[{"href":"https:\/\/apartmani-gordana.com\/hr\/wp-json\/wp\/v2\/media?parent=14"}],"curies":[{"name":"wp","href":"https:\/\/api.w.org\/{rel}","templated":true}]}}