{"id":2212,"date":"2015-08-09T21:56:51","date_gmt":"2015-08-09T19:56:51","guid":{"rendered":"https:\/\/apartmani-gordana.com\/hr\/contact\/"},"modified":"2016-01-04T20:25:08","modified_gmt":"2016-01-04T18:25:08","slug":"kontakt","status":"publish","type":"page","link":"https:\/\/apartmani-gordana.com\/hr\/kontakt\/","title":{"rendered":"Kontakt"},"content":{"rendered":"<p>[vc_row full_width=&#8221;stretch_row_content_no_spaces&#8221;][vc_column]<div class=\"google-map-wrapper no_border\"><div class=\"google-map\" id=\"google-map-area-69e45a6944de7\" style=\"width:100%; height:500px;\">&nbsp;<\/div><\/div>\n[\/vc_column][\/vc_row][vc_row full_width=&#8221;stretch_row&#8221; css=&#8221;.vc_custom_1451931867744{margin-top: -35px !important;border-top-width: 1px !important;border-bottom-width: 1px !important;padding-top: 40px !important;background-color: #f9f9f9 !important;border-top-color: rgba(0,0,0,0.08) !important;border-top-style: solid !important;border-bottom-color: rgba(0,0,0,0.08) !important;border-bottom-style: solid !important;}&#8221; el_class=&#8221;orange&#8221;][vc_column width=&#8221;1\/3&#8243;]<div class=\"icon_box icon_position_left has_border\"><a class=\"\" href=\"tel:+385%2098%20917%205618\"  ><div class=\"image_wrapper\"><img src=\"https:\/\/apartmani-gordana.com\/wp-content\/uploads\/2016\/01\/apartment-vodice-phone.png\" class=\"scale-with-grid\" alt=\"Vodice Apartments\" width=\"72\" height=\"72\"\/><\/div><div class=\"desc_wrapper\"><h4 class=\"title\">Nazovite nas danas<\/h4><div class=\"desc\">+385 (0)22 442 772<br \/>\n+385 98 917 5618<\/div><\/div><\/a><\/div>\n[\/vc_column][vc_column width=&#8221;1\/3&#8243;]<div class=\"icon_box icon_position_left has_border\"><a class=\"\" href=\"https:\/\/apartmani-gordana.com\/hr\/kontakt\/\"  ><div class=\"image_wrapper\"><img src=\"https:\/\/apartmani-gordana.com\/wp-content\/uploads\/2016\/01\/apartment-vodice-mail.png\" class=\"scale-with-grid\" alt=\"Vodice Apartments\" width=\"72\" height=\"72\"\/><\/div><div class=\"desc_wrapper\"><h4 class=\"title\">Po\u0161aljite poruku<\/h4><div class=\"desc\">Imate pitanje ili trebate dodatne informacije? Raspitajte se ovdje!<\/div><\/div><\/a><\/div>\n[\/vc_column][vc_column width=&#8221;1\/3&#8243;]<div class=\"icon_box icon_position_left no_border\"><a class=\"\" href=\"https:\/\/apartmani-gordana.com\/hr\/kontakt\/\"  ><div class=\"image_wrapper\"><img src=\"https:\/\/apartmani-gordana.com\/wp-content\/uploads\/2016\/01\/apartments-vodice-location.png\" class=\"scale-with-grid\" alt=\"Vodice Apartments\" width=\"72\" height=\"72\"\/><\/div><div class=\"desc_wrapper\"><h4 class=\"title\">Na\u0161a adresa<\/h4><div class=\"desc\">Grgurev A. Kukure 30<br \/>\n22211 Vodice, HR<\/div><\/div><\/a><\/div>\n[\/vc_column][\/vc_row][vc_row css=&#8221;.vc_custom_1445609634890{margin-top: 80px !important;margin-bottom: 40px !important;}&#8221;][vc_column width=&#8221;2\/3&#8243;][vc_column_text]<\/p>\n<h1>Imate pitanje?<\/h1>\n<p>[\/vc_column_text]\n<div class=\"wpcf7 no-js\" id=\"wpcf7-f2320-o1\" lang=\"hr\" dir=\"ltr\">\n<div class=\"screen-reader-response\"><p role=\"status\" aria-live=\"polite\" aria-atomic=\"true\"><\/p> <ul><\/ul><\/div>\n<form action=\"\/hr\/wp-json\/wp\/v2\/pages\/2212#wpcf7-f2320-o1\" method=\"post\" class=\"wpcf7-form init\" aria-label=\"Kontakt obrazac\" novalidate=\"novalidate\" data-status=\"init\">\n<div style=\"display: none;\">\n<input type=\"hidden\" name=\"_wpcf7\" value=\"2320\" \/>\n<input type=\"hidden\" name=\"_wpcf7_version\" value=\"5.7.4\" \/>\n<input type=\"hidden\" name=\"_wpcf7_locale\" value=\"hr\" \/>\n<input type=\"hidden\" name=\"_wpcf7_unit_tag\" value=\"wpcf7-f2320-o1\" \/>\n<input type=\"hidden\" name=\"_wpcf7_container_post\" value=\"0\" \/>\n<input type=\"hidden\" name=\"_wpcf7_posted_data_hash\" value=\"\" \/>\n<\/div>\n<div class=\"column one-second left\">\n\t<p><span class=\"wpcf7-form-control-wrap\" data-name=\"your-name\"><input size=\"40\" class=\"wpcf7-form-control wpcf7-text wpcf7-validates-as-required\" aria-required=\"true\" aria-invalid=\"false\" placeholder=\"Va\u0161e ime\" value=\"\" type=\"text\" name=\"your-name\" \/><\/span><span id=\"wpcf7-69e45a69476dc-wrapper\" class=\"wpcf7-form-control-wrap surname-wrap\" ><input type=\"hidden\" name=\"surname-time-start\" value=\"1776573033\"><input type=\"hidden\" name=\"surname-time-check\" value=\"4\"><input id=\"wpcf7-69e45a69476dc-field\"  placeholder=\"Surname\"  class=\"wpcf7-form-control wpcf7-text\" type=\"text\" name=\"surname\" value=\"\" size=\"40\" tabindex=\"-1\" autocomplete=\"off\" \/><\/span>\n\t<\/p>\n<\/div>\n<div class=\"column one-second right\">\n\t<p><span class=\"wpcf7-form-control-wrap\" data-name=\"your-email\"><input size=\"40\" class=\"wpcf7-form-control wpcf7-text wpcf7-email wpcf7-validates-as-required wpcf7-validates-as-email\" aria-required=\"true\" aria-invalid=\"false\" placeholder=\"Va\u0161 e-mail\" value=\"\" type=\"email\" name=\"your-email\" \/><\/span>\n\t<\/p>\n<\/div>\n<div class=\"column one\">\n\t<p><span class=\"wpcf7-form-control-wrap\" data-name=\"your-subject\"><input size=\"40\" class=\"wpcf7-form-control wpcf7-text wpcf7-validates-as-required\" aria-required=\"true\" aria-invalid=\"false\" placeholder=\"Naslov\" value=\"\" type=\"text\" name=\"your-subject\" \/><\/span>\n\t<\/p>\n<\/div>\n<div class=\"column one\">\n\t<p><span class=\"wpcf7-form-control-wrap\" data-name=\"your-message\"><textarea cols=\"40\" rows=\"3\" class=\"wpcf7-form-control wpcf7-textarea wpcf7-validates-as-required\" aria-required=\"true\" aria-invalid=\"false\" placeholder=\"Poruka\" name=\"your-message\"><\/textarea><\/span>\n\t<\/p>\n<\/div>\n<div class=\"column one\">\n\t<p><input class=\"wpcf7-form-control has-spinner wpcf7-submit\" type=\"submit\" value=\"Po\u0161alji poruku\" \/>\n\t<\/p>\n<\/div><div class=\"wpcf7-response-output\" aria-hidden=\"true\"><\/div>\n<\/form>\n<\/div>\n[\/vc_column][vc_column width=&#8221;1\/3&#8243;][vc_column_text]<\/p>\n<h1>Apartmani Gordana<\/h1>\n<p>[\/vc_column_text][vc_column_text]Apartmani Gordana Vodice nalaze se u mirnom dijelu grada, samo nekoliko minuta hoda od centra grada i glavne gradske pla\u017ee. Sva tri apartmana su funkcionalno namje\u0161tena i potpuno opremljena.<\/p>\n<p>Ukoliko se odlu\u010dite unajmiti neki od na\u0161ih apartmana, kao posebnu ponudu dobiti \u0107ete jedan od na\u0161ih brodova na raspolaganje uklju\u010den u cijenu.<\/p>\n<p>Raspitajte se sada i zapo\u010dnite planirati uzbudljivo i nezaboravno ljetovanje u Vodicama.[\/vc_column_text][\/vc_column][\/vc_row][vc_row css=&#8221;.vc_custom_1445609645089{margin-bottom: 80px !important;}&#8221;][vc_column width=&#8221;1\/2&#8243; el_class=&#8221;style-simple&#8221;]<div class=\"sliding_box\"><a href=\"http:\/\/sea-rent-a-boat-vodice.com\/hr\/\" target=\"_blank\"><div class=\"photo_wrapper\"><img class=\"scale-with-grid\" src=\"https:\/\/apartmani-gordana.com\/wp-content\/uploads\/2015\/10\/vodice-rent-a-boat-link.jpg\" alt=\"Sea Rent a Boat Vodice\" width=\"620\" height=\"240\"\/><\/div><div class=\"desc_wrapper\"><h4>Rent a Boat Vodice<\/h4><\/div><\/a><\/div>\n[\/vc_column][vc_column width=&#8221;1\/2&#8243; el_class=&#8221;style-simple&#8221;]<div class=\"sliding_box\"><a href=\"https:\/\/apartmani-gordana.com\/hr\/apartmani-vodice\/\" ><div class=\"photo_wrapper\"><img class=\"scale-with-grid\" src=\"https:\/\/apartmani-gordana.com\/wp-content\/uploads\/2015\/10\/apartments-vodice-outside-link.jpg\" alt=\"Rent Apartments Vodice\" width=\"620\" height=\"240\"\/><\/div><div class=\"desc_wrapper\"><h4>Najam apartmana Vodice<\/h4><\/div><\/a><\/div>\n[\/vc_column][\/vc_row]<\/p>\n","protected":false},"excerpt":{"rendered":"<p>[vc_row full_width=&#8221;stretch_row_content_no_spaces&#8221;][vc_column][\/vc_column][\/vc_row][vc_row full_width=&#8221;stretch_row&#8221; css=&#8221;.vc_custom_1451931867744{margin-top: -35px !important;border-top-width: 1px !important;border-bottom-width: 1px !important;padding-top: 40px !important;background-color: #f9f9f9 !important;border-top-color: rgba(0,0,0,0.08) !important;border-top-style: solid !important;border-bottom-color: rgba(0,0,0,0.08) !important;border-bottom-style: solid !important;}&#8221; el_class=&#8221;orange&#8221;][vc_column width=&#8221;1\/3&#8243;][\/vc_column][vc_column width=&#8221;1\/3&#8243;][\/vc_column][vc_column width=&#8221;1\/3&#8243;][\/vc_column][\/vc_row][vc_row<span class=\"excerpt-hellip\"> [\u2026]<\/span><\/p>\n","protected":false},"author":1,"featured_media":1674,"parent":0,"menu_order":0,"comment_status":"closed","ping_status":"closed","template":"","meta":[],"yoast_head":"<!-- This site is optimized with the Yoast SEO plugin v20.3 - https:\/\/yoast.com\/wordpress\/plugins\/seo\/ -->\n<title>Kontakt | Apartmani Vodice<\/title>\n<meta name=\"description\" content=\"Tra\u017eite apartman u Vodicama? Imamo u ponudi nekoliko udobnih i dobro opremljenih apartmana, desetak minuta hoda od centra grada i pla\u017ee po najboljoj cijeni!\" \/>\n<meta name=\"robots\" content=\"index, follow, max-snippet:-1, max-image-preview:large, max-video-preview:-1\" \/>\n<link rel=\"canonical\" href=\"https:\/\/apartmani-gordana.com\/hr\/kontakt\/\" \/>\n<meta property=\"og:locale\" content=\"hr_HR\" \/>\n<meta property=\"og:type\" content=\"article\" \/>\n<meta property=\"og:title\" content=\"Kontakt | Apartmani Vodice\" \/>\n<meta property=\"og:description\" content=\"Tra\u017eite apartman u Vodicama? Imamo u ponudi nekoliko udobnih i dobro opremljenih apartmana, desetak minuta hoda od centra grada i pla\u017ee po najboljoj cijeni!\" \/>\n<meta property=\"og:url\" content=\"https:\/\/apartmani-gordana.com\/hr\/kontakt\/\" \/>\n<meta property=\"og:site_name\" content=\"Apartmani Vodice\" \/>\n<meta property=\"article:modified_time\" content=\"2016-01-04T18:25:08+00:00\" \/>\n<meta property=\"og:image\" content=\"https:\/\/apartmani-gordana.com\/wp-content\/uploads\/2015\/10\/rent-a-boat-apartments-vodice-22.jpg\" \/>\n\t<meta property=\"og:image:width\" content=\"1200\" \/>\n\t<meta property=\"og:image:height\" content=\"675\" \/>\n\t<meta property=\"og:image:type\" content=\"image\/jpeg\" \/>\n<meta name=\"twitter:card\" content=\"summary_large_image\" \/>\n<meta name=\"twitter:label1\" content=\"Procijenjeno vrijeme \u010ditanja\" \/>\n\t<meta name=\"twitter:data1\" content=\"2 minute\" \/>\n<script type=\"application\/ld+json\" class=\"yoast-schema-graph\">{\"@context\":\"https:\/\/schema.org\",\"@graph\":[{\"@type\":\"WebPage\",\"@id\":\"https:\/\/apartmani-gordana.com\/hr\/kontakt\/\",\"url\":\"https:\/\/apartmani-gordana.com\/hr\/kontakt\/\",\"name\":\"Kontakt | Apartmani Vodice\",\"isPartOf\":{\"@id\":\"https:\/\/apartmani-gordana.com\/#website\"},\"datePublished\":\"2015-08-09T19:56:51+00:00\",\"dateModified\":\"2016-01-04T18:25:08+00:00\",\"description\":\"Tra\u017eite apartman u Vodicama? Imamo u ponudi nekoliko udobnih i dobro opremljenih apartmana, desetak minuta hoda od centra grada i pla\u017ee po najboljoj cijeni!\",\"breadcrumb\":{\"@id\":\"https:\/\/apartmani-gordana.com\/hr\/kontakt\/#breadcrumb\"},\"inLanguage\":\"hr\",\"potentialAction\":[{\"@type\":\"ReadAction\",\"target\":[\"https:\/\/apartmani-gordana.com\/hr\/kontakt\/\"]}]},{\"@type\":\"BreadcrumbList\",\"@id\":\"https:\/\/apartmani-gordana.com\/hr\/kontakt\/#breadcrumb\",\"itemListElement\":[{\"@type\":\"ListItem\",\"position\":1,\"name\":\"Home\",\"item\":\"https:\/\/apartmani-gordana.com\/hr\/\"},{\"@type\":\"ListItem\",\"position\":2,\"name\":\"Kontakt\"}]},{\"@type\":\"WebSite\",\"@id\":\"https:\/\/apartmani-gordana.com\/#website\",\"url\":\"https:\/\/apartmani-gordana.com\/\",\"name\":\"Apartmani Vodice\",\"description\":\"Najam atraktivnih plovila po povoljnim cijenama Vodice, Hrvatska\",\"potentialAction\":[{\"@type\":\"SearchAction\",\"target\":{\"@type\":\"EntryPoint\",\"urlTemplate\":\"https:\/\/apartmani-gordana.com\/?s={search_term_string}\"},\"query-input\":\"required name=search_term_string\"}],\"inLanguage\":\"hr\"}]}<\/script>\n<!-- \/ Yoast SEO plugin. -->","yoast_head_json":{"title":"Kontakt | Apartmani Vodice","description":"Tra\u017eite apartman u Vodicama? Imamo u ponudi nekoliko udobnih i dobro opremljenih apartmana, desetak minuta hoda od centra grada i pla\u017ee po najboljoj cijeni!","robots":{"index":"index","follow":"follow","max-snippet":"max-snippet:-1","max-image-preview":"max-image-preview:large","max-video-preview":"max-video-preview:-1"},"canonical":"https:\/\/apartmani-gordana.com\/hr\/kontakt\/","og_locale":"hr_HR","og_type":"article","og_title":"Kontakt | Apartmani Vodice","og_description":"Tra\u017eite apartman u Vodicama? Imamo u ponudi nekoliko udobnih i dobro opremljenih apartmana, desetak minuta hoda od centra grada i pla\u017ee po najboljoj cijeni!","og_url":"https:\/\/apartmani-gordana.com\/hr\/kontakt\/","og_site_name":"Apartmani Vodice","article_modified_time":"2016-01-04T18:25:08+00:00","og_image":[{"width":1200,"height":675,"url":"https:\/\/apartmani-gordana.com\/wp-content\/uploads\/2015\/10\/rent-a-boat-apartments-vodice-22.jpg","type":"image\/jpeg"}],"twitter_card":"summary_large_image","twitter_misc":{"Procijenjeno vrijeme \u010ditanja":"2 minute"},"schema":{"@context":"https:\/\/schema.org","@graph":[{"@type":"WebPage","@id":"https:\/\/apartmani-gordana.com\/hr\/kontakt\/","url":"https:\/\/apartmani-gordana.com\/hr\/kontakt\/","name":"Kontakt | Apartmani Vodice","isPartOf":{"@id":"https:\/\/apartmani-gordana.com\/#website"},"datePublished":"2015-08-09T19:56:51+00:00","dateModified":"2016-01-04T18:25:08+00:00","description":"Tra\u017eite apartman u Vodicama? Imamo u ponudi nekoliko udobnih i dobro opremljenih apartmana, desetak minuta hoda od centra grada i pla\u017ee po najboljoj cijeni!","breadcrumb":{"@id":"https:\/\/apartmani-gordana.com\/hr\/kontakt\/#breadcrumb"},"inLanguage":"hr","potentialAction":[{"@type":"ReadAction","target":["https:\/\/apartmani-gordana.com\/hr\/kontakt\/"]}]},{"@type":"BreadcrumbList","@id":"https:\/\/apartmani-gordana.com\/hr\/kontakt\/#breadcrumb","itemListElement":[{"@type":"ListItem","position":1,"name":"Home","item":"https:\/\/apartmani-gordana.com\/hr\/"},{"@type":"ListItem","position":2,"name":"Kontakt"}]},{"@type":"WebSite","@id":"https:\/\/apartmani-gordana.com\/#website","url":"https:\/\/apartmani-gordana.com\/","name":"Apartmani Vodice","description":"Najam atraktivnih plovila po povoljnim cijenama Vodice, Hrvatska","potentialAction":[{"@type":"SearchAction","target":{"@type":"EntryPoint","urlTemplate":"https:\/\/apartmani-gordana.com\/?s={search_term_string}"},"query-input":"required name=search_term_string"}],"inLanguage":"hr"}]}},"_links":{"self":[{"href":"https:\/\/apartmani-gordana.com\/hr\/wp-json\/wp\/v2\/pages\/2212"}],"collection":[{"href":"https:\/\/apartmani-gordana.com\/hr\/wp-json\/wp\/v2\/pages"}],"about":[{"href":"https:\/\/apartmani-gordana.com\/hr\/wp-json\/wp\/v2\/types\/page"}],"author":[{"embeddable":true,"href":"https:\/\/apartmani-gordana.com\/hr\/wp-json\/wp\/v2\/users\/1"}],"replies":[{"embeddable":true,"href":"https:\/\/apartmani-gordana.com\/hr\/wp-json\/wp\/v2\/comments?post=2212"}],"version-history":[{"count":7,"href":"https:\/\/apartmani-gordana.com\/hr\/wp-json\/wp\/v2\/pages\/2212\/revisions"}],"predecessor-version":[{"id":2759,"href":"https:\/\/apartmani-gordana.com\/hr\/wp-json\/wp\/v2\/pages\/2212\/revisions\/2759"}],"wp:featuredmedia":[{"embeddable":true,"href":"https:\/\/apartmani-gordana.com\/hr\/wp-json\/wp\/v2\/media\/1674"}],"wp:attachment":[{"href":"https:\/\/apartmani-gordana.com\/hr\/wp-json\/wp\/v2\/media?parent=2212"}],"curies":[{"name":"wp","href":"https:\/\/api.w.org\/{rel}","templated":true}]}}