{"id":2220,"date":"2015-08-09T22:00:50","date_gmt":"2015-08-09T20:00:50","guid":{"rendered":"https:\/\/apartmani-gordana.com\/hr\/vodice-aquatorium\/"},"modified":"2022-02-26T16:00:32","modified_gmt":"2022-02-26T14:00:32","slug":"vodice-akvatorij","status":"publish","type":"page","link":"https:\/\/apartmani-gordana.com\/hr\/vodice-akvatorij\/","title":{"rendered":"Vodice akvatorij"},"content":{"rendered":"<p>[vc_row css=&#8221;.vc_custom_1445602198018{margin-top: 40px !important;margin-bottom: 40px !important;}&#8221;][vc_column width=&#8221;3\/4&#8243;][vc_column_text]<\/p>\n<h1>Jadranska obala<\/h1>\n<p>Jadransko more pru\u017ea se u smjeru sjeverozapad &#8211; jugoistok i obuhva\u0107a prostor izme\u0111u Balkanskog i Apeninskog poluotoka, u du\u017eini 783 km. Prosje\u010dna \u0161irina Jadrankog mora je 170 km, a dubina 252 m &#8211; u sjeverozapadnom dijelu je plitko, a na ju\u017enom dijelu je mnogo dublje. Hrvatskoj pripada prostor isto\u010dne obale, koja se prostire od Prevlake na jugu do rta Savudrije na zapadu, uklju\u010duju\u0107i sve otoke, oto\u010di\u0107e i hridi du\u017e obale, te oto\u010dje Palagru\u017ea.<\/p>\n<p>Hrvatska obala je jedna od najrazvedenijih obala u svijetu, sa 1185 otoka, oto\u010di\u0107a i grebena. Najve\u0107i otok je Krk, a ostali ve\u0107i otoci su Cres, Bra\u010d, Hvar, Pag i Kor\u010dula. Najve\u0107i poluotoci su Istra i Pelje\u0161ac, a najve\u0107i zaljev je Kvarnerski zaljev. Du\u017eina morske obale zajedno sa otocima, oto\u010di\u0107ima i grebenima iznosi 5.835 km.[\/vc_column_text][vc_media_grid style=&#8221;load-more&#8221; items_per_page=&#8221;4&#8243; element_width=&#8221;3&#8243; gap=&#8221;20&#8243; btn_title=&#8221;Vi\u0161e slika&#8221; btn_shape=&#8221;square&#8221; btn_color=&#8221;peacoc&#8221; btn_size=&#8221;sm&#8221; btn_i_icon_fontawesome=&#8221;fa fa-camera&#8221; btn_add_icon=&#8221;true&#8221; grid_id=&#8221;vc_gid:1645883907500-630780dc-0687-0&#8243; include=&#8221;1654,1763,1648,1643,1642,1641,1640,1639,1638,1636,1635,1634,1633,1632,1631,1624,1625,1626,1627,1628,1629,1630,1623,1622,1621,1620,1672,1619,1617,1616,1615,1614,1612,1610,1599,1644&#8243; css=&#8221;.vc_custom_1451214484476{margin-top: 30px !important;border-bottom-width: 30px !important;}&#8221;][vc_column_text]<\/p>\n<h1>Klima<\/h1>\n<p>Klima je na sjeveru Hrvatske kontinentalna, centralna Hrvatska ima pretplaninsku i planinsku klimu, a u primorskom dijelu klima je mediteranska (sa suhim i toplim ljetima te vla\u017enim i blagim zimama). Zimska temperatura kre\u0107e se od -1\u00b0 do 30\u00b0 C u kontinentalnoj zoni, 5\u00b0 do 0\u00b0 C u planinskom predjelu i od 5\u00b0 do 10\u00b0 C u priobalju. Ljetne se temperature kre\u0107u od 22\u00b0 do 26\u00b0 C u kontinentalnom dijelu zemlje, 15\u00b0 do 20 \u00b0 C u planinskoj regiji i od 26\u00b0 do 30\u00b0 C u obalnoj regiji. S prosje\u010dno 2.600 sun\u010danih sati u godini jadranska je obala jedna od najsun\u010danijih u Sredozemlju, a temperatura mora ljeti je od 25\u00b0 do 27\u00b0 C.<\/p>\n<p>Najpoznatiji vjetrovi su bura, sjeveroisto\u010dni vjetar koji donosi hladno\u0107u, maestral koji je znak lijepog vremena i obi\u010dno po\u010dinje puhati oko 11 sati i jugo, vla\u017ean vjetar koji pu\u0161e sa jugoistoka.<\/p>\n<p>&nbsp;<\/p>\n<h1>Vodice<\/h1>\n<p>Grad Vodice nalazi se na sredi\u0161tu Jadranske obale, okru\u017een s mnogo spokojnih i slikovitih otoka. Neki od tih otoka su i danas zadr\u017eali stare tradicije i obi\u010daje \u017eivota koji se \u017eivo stolje\u0107ima na ovom podru\u010dju. Plovidba i istra\u017eivanje skrivenih uvala i pla\u017ea je jedna od glavnih turisti\u010dkih atrakcija Vodica.[\/vc_column_text][vc_column_text]\r\n\t\t\t\t<style type=\"text\/css\">\r\n\t\t\t\t\t.simple-social-share ul {\r\n\t\t\t\t\t\tpadding: 0px;\r\n\t\t\t\t\t\tmargin: 0px;\r\n\t\t\t\t\t}\r\n\t\t\t\t\t.simple-social-share ul li {\r\n\t\t\t\t\t\tpadding: 0px;\r\n\t\t\t\t\t\tmargin: 0px;\r\n\t\t\t\t\t\tlist-style: none;\r\n\t\t\t\t\t\tdisplay: inline-block;\r\n\t\t\t\t\t\tborder: none;\r\n\t\t\t\t\t\twidth: auto;\r\n\t\t\t\t\t} \r\n\t\t\t\t\t.simple-social-share ul li a {\r\n\t\t\t\t\t\tmargin: 2px 5px 5px 0px;\r\n\t\t\t\t\t\tcolor: #fff;\r\n\t\t\t\t\t\ttext-decoration: none;\r\n\t\t\t\t\t\tdisplay: inline-block;\r\n\t\t\t\t\t\tline-height: 34px;\r\n\t\t\t\t\t\theight: 32px;\r\n\t\t\t\t\t\twidth: auto;\r\n\t\t\t\t\t\ttext-align: center;\r\n\t\t\t\t\t\tpadding: 0px 15px;\r\n\t\t\t\t\t\tfont-size: 16px;\r\n\t\t\t\t\t}\r\n\t\t\t\t\t.simple-social-share ul li a i {\r\n\t\t\t\t\t\tcolor: #fff;\r\n\t\t\t\t\t\tfont-size: 19px;\r\n\t\t\t\t\t    margin-left: 11px;\r\n\t\t\t\t\t}\r\n\t\t\t\t\t.simple-social-share ul li.facebook-share a {\r\n\t\t\t\t\t\tbackground: #3B5999;\r\n\t\t\t\t\t}\r\n\t\t\t\t\t\r\n\t\t\t\t\t.simple-social-share ul li.twitter-share a {\r\n\t\t\t\t\t\tbackground: #59D1DF;\r\n\t\t\t\t\t}\r\n\t\t\t\t\t.simple-social-share ul li.linkedin-share a {\r\n\t\t\t\t\t\tbackground: #0077b5;\r\n\t\t\t\t\t}\r\n\t\t\t\t\t.simple-social-share ul li.pinterest-share a {\r\n\t\t\t\t\t\tbackground: #CD252B;\r\n\t\t\t\t\t}\r\n\t\t\t\t\t.simple-social-share ul li.mail-share a {\r\n\t\t\t\t\t\tbackground: #27062D;\r\n\t\t\t\t\t}\r\n\t\t\t\t<\/style><div class=\"simple-social-share\"><ul><li class=\"facebook-share\"><a href=\"javascript:void(0);\" onclick=\"window.open('http:\/\/www.facebook.com\/sharer\/sharer.php?u=https%3A%2F%2Fapartmani-gordana.com%2Fhr%2Fvodice-akvatorij%2F&t=Vodice+akvatorij+%7C+Apartmani+Vodice','popup','width=800,height=600'); return false;\" alt=\"Facebook\" target=\"_blank\">Facebook<i class=\"fa fa-facebook\"><\/i><\/a><\/li><li class=\"twitter-share\"><a href=\"javascript:void(0);\" onclick=\"window.open('https:\/\/twitter.com\/intent\/tweet?text=Vodice+akvatorij+%7C+Apartmani+Vodice: https%3A%2F%2Fapartmani-gordana.com%2Fhr%2Fvodice-akvatorij%2F','popup','width=800,height=600'); return false;\" alt=\"Twitter\" target=\"_blank\">Twitter<i class=\"fa fa-twitter\"><\/i><\/a><\/li><li class=\"linkedin-share\"><a href=\"javascript:void(0);\" onclick=\"window.open('https:\/\/www.linkedin.com\/shareArticle?title=Vodice+akvatorij+%7C+Apartmani+Vodice&mini=true&url=https%3A%2F%2Fapartmani-gordana.com%2Fhr%2Fvodice-akvatorij%2F','popup','width=800,height=600'); return false;\" alt=\"LinkedIn\" target=\"_blank\">LinkedIn<i class=\"fa fa-linkedin\"><\/i><\/a><\/li><\/ul><\/div>[\/vc_column_text][\/vc_column][vc_column width=&#8221;1\/4&#8243;]<div class=\"get_in_touch\" style=\"background-image:url(https:\/\/apartmani-gordana.com\/wp-content\/uploads\/2015\/10\/rent-a-boat-vodice-contacts.png);\"><h3>Kontaktirajte nas<\/h3><div class=\"get_in_touch_wrapper\"><ul><li class=\"address\"><span class=\"icon\"><i class=\"icon-location\"><\/i><\/span><span class=\"address_wrapper\"><b>Apartments Gordana<\/b><br \/>\nGrgurev A. Kukure 30<br \/>\n22211 Vodice, Hrvatska<\/span><\/li><li class=\"phone phone-1\"><span class=\"icon\"><i class=\"icon-phone\"><\/i><\/span><p><a href=\"tel:+385(0)22442722\">+385 (0)22 442 722<\/a><\/p><\/li><li class=\"phone phone-2\"><span class=\"icon\"><i class=\"icon-phone\"><\/i><\/span><p><a href=\"tel:+385989175618\">+385 98 917 5618<\/a><\/p><\/li><li class=\"mail\"><span class=\"icon\"><i class=\"icon-mail\"><\/i><\/span><p><a href=\"mailto:gordana-babac@hotmail.com\">gordana-babac@hotmail.com<\/a><\/p><\/li><\/ul><\/div><\/div>\n<div class=\"google-map-wrapper no_border\"><div class=\"google-map-contact-wrapper style-box\"><div class=\"get_in_touch\"><div class=\"get_in_touch_wrapper\"><ul><li class=\"address\"><span class=\"icon\"><i class=\"icon-location\"><\/i><\/span><span class=\"address_wrapper\">Insert your content here<\/span><\/li><\/ul><\/div><\/div><\/div><div class=\"google-map\" id=\"google-map-area-69eb4b41883b1\" style=\"width:100%; height:220px;\">&nbsp;<\/div><\/div>\n[\/vc_column][\/vc_row][vc_row][vc_column]<div class=\"fancy_heading fancy_heading_line\"><span class=\"slogan\">Posebna ponuda<\/span><h2 class=\"title\">Sea Renta a Boat Vodice<\/h2><\/div>\n[\/vc_column][\/vc_row][vc_row css=&#8221;.vc_custom_1445602210053{margin-bottom: 80px !important;}&#8221;][vc_column width=&#8221;1\/3&#8243; el_class=&#8221;style-simple&#8221;]<div class=\"sliding_box\"><a href=\"https:\/\/sea-rent-a-boat-vodice.com\/hr\/rent-a-boat-vodice\/atlantic-marine-sun-cruiser-690\/\" target=\"_blank\"><div class=\"photo_wrapper\"><img class=\"scale-with-grid\" src=\"https:\/\/apartmani-gordana.com\/wp-content\/uploads\/2022\/02\/atlantic-marine-sun-cruiser-690.jpg\" alt=\"atlantic-marine-sun-cruiser-690\" width=\"600\" height=\"360\"\/><\/div><div class=\"desc_wrapper\"><h4>Atlantic Marine Sun Cruiser 690<\/h4><\/div><\/a><\/div>\n[\/vc_column][vc_column width=&#8221;1\/3&#8243; el_class=&#8221;style-simple&#8221;]<div class=\"sliding_box\"><a href=\"http:\/\/sea-rent-a-boat-vodice.com\/hr\/rent-a-boat-vodice\/bat-indian-680\/\" target=\"_blank\"><div class=\"photo_wrapper\"><img class=\"scale-with-grid\" src=\"https:\/\/apartmani-gordana.com\/wp-content\/uploads\/2015\/08\/rent-a-boat-vodice-680-bat-indian.jpg\" alt=\"rent-a-boat-vodice-680-bat-indian\" width=\"600\" height=\"360\"\/><\/div><div class=\"desc_wrapper\"><h4>Bat Indian 680<\/h4><\/div><\/a><\/div>\n[\/vc_column][vc_column width=&#8221;1\/3&#8243; el_class=&#8221;style-simple&#8221;]<div class=\"sliding_box\"><a href=\"https:\/\/sea-rent-a-boat-vodice.com\/hr\/rent-a-boat-vodice\/zodiac-n-zo-680\/\" target=\"_blank\"><div class=\"photo_wrapper\"><img class=\"scale-with-grid\" src=\"https:\/\/apartmani-gordana.com\/wp-content\/uploads\/2022\/02\/rent-a-boat-vodice-zodiac-680.jpg\" alt=\"rent-a-boat-vodice-zodiac-680\" width=\"600\" height=\"360\"\/><\/div><div class=\"desc_wrapper\"><h4>Zodiac N-ZO 680<\/h4><\/div><\/a><\/div>\n[\/vc_column][\/vc_row][vc_row css=&#8221;.vc_custom_1445602210053{margin-bottom: 80px !important;}&#8221;][vc_column width=&#8221;1\/3&#8243; el_class=&#8221;style-simple&#8221;]<div class=\"sliding_box\"><a href=\"https:\/\/sea-rent-a-boat-vodice.com\/hr\/rent-a-boat-vodice\/quick-silver-605-sundesk\/\" target=\"_blank\"><div class=\"photo_wrapper\"><img class=\"scale-with-grid\" src=\"https:\/\/apartmani-gordana.com\/wp-content\/uploads\/2022\/02\/rent-a-boat-vodice-quicksilver-speedboat.png\" alt=\"rent-a-boat-vodice-quicksilver-speedboat\" width=\"600\" height=\"360\"\/><\/div><div class=\"desc_wrapper\"><h4>Quick Silver 605 SunDesk<\/h4><\/div><\/a><\/div>\n[\/vc_column][vc_column width=&#8221;1\/3&#8243; el_class=&#8221;style-simple&#8221;]<div class=\"sliding_box\"><a href=\"http:\/\/sea-rent-a-boat-vodice.com\/hr\/rent-a-boat-vodice\/bluemax-550-open\/\" target=\"_blank\"><div class=\"photo_wrapper\"><img class=\"scale-with-grid\" src=\"https:\/\/apartmani-gordana.com\/wp-content\/uploads\/2015\/08\/rent-a-vodice-bluemax-550.jpg\" alt=\"rent-a-vodice-bluemax-550\" width=\"600\" height=\"360\"\/><\/div><div class=\"desc_wrapper\"><h4>BlueMax 550 Open<\/h4><\/div><\/a><\/div>\n[\/vc_column][vc_column width=&#8221;1\/3&#8243; el_class=&#8221;style-simple&#8221;]<div class=\"sliding_box\"><a href=\"http:\/\/sea-rent-a-boat-vodice.com\/hr\/rent-a-boat-vodice\/maestral-570\/\" target=\"_blank\"><div class=\"photo_wrapper\"><img class=\"scale-with-grid\" src=\"https:\/\/apartmani-gordana.com\/wp-content\/uploads\/2015\/08\/rent-a-vodice-maestral-570.jpg\" alt=\"rent-a-vodice-maestral-570\" width=\"600\" height=\"360\"\/><\/div><div class=\"desc_wrapper\"><h4>Maestral 570<\/h4><\/div><\/a><\/div>\n[\/vc_column][\/vc_row][vc_row full_width=&#8221;stretch_row&#8221; css=&#8221;.vc_custom_1451897942746{border-top-width: 1px !important;border-bottom-width: 1px !important;padding-top: 40px !important;background-color: #f9f9f9 !important;border-top-color: rgba(0,0,0,0.08) !important;border-top-style: solid !important;border-bottom-color: rgba(0,0,0,0.08) !important;border-bottom-style: solid !important;}&#8221; el_class=&#8221;orange&#8221;][vc_column width=&#8221;1\/3&#8243;]<div class=\"icon_box icon_position_left has_border\"><a class=\"\" href=\"tel:+385%2098%20917%205618\"  ><div class=\"image_wrapper\"><img src=\"https:\/\/apartmani-gordana.com\/wp-content\/uploads\/2016\/01\/apartment-vodice-phone.png\" class=\"scale-with-grid\" alt=\"Vodice Apartments\" width=\"72\" height=\"72\"\/><\/div><div class=\"desc_wrapper\"><h4 class=\"title\">Nazovite nas danas<\/h4><div class=\"desc\">+385 (0)22 442 772<br \/>\n+385 98 917 5618<\/div><\/div><\/a><\/div>\n[\/vc_column][vc_column width=&#8221;1\/3&#8243;]<div class=\"icon_box icon_position_left has_border\"><a class=\"\" href=\"https:\/\/apartmani-gordana.com\/hr\/kontakt\/\"  ><div class=\"image_wrapper\"><img src=\"https:\/\/apartmani-gordana.com\/wp-content\/uploads\/2016\/01\/apartment-vodice-mail.png\" class=\"scale-with-grid\" alt=\"Vodice Apartments\" width=\"72\" height=\"72\"\/><\/div><div class=\"desc_wrapper\"><h4 class=\"title\">Po\u0161aljite poruku<\/h4><div class=\"desc\">Imate pitanje ili trebate dodatne informacije? Raspitajte se ovdje!<\/div><\/div><\/a><\/div>\n[\/vc_column][vc_column width=&#8221;1\/3&#8243;]<div class=\"icon_box icon_position_left no_border\"><a class=\"\" href=\"https:\/\/apartmani-gordana.com\/hr\/kontakt\/\"  ><div class=\"image_wrapper\"><img src=\"https:\/\/apartmani-gordana.com\/wp-content\/uploads\/2016\/01\/apartments-vodice-location.png\" class=\"scale-with-grid\" alt=\"Vodice Apartments\" width=\"72\" height=\"72\"\/><\/div><div class=\"desc_wrapper\"><h4 class=\"title\">Na\u0161a adresa<\/h4><div class=\"desc\">Grgurev A. Kukure 30<br \/>\n22211 Vodice, HR<\/div><\/div><\/a><\/div>\n[\/vc_column][\/vc_row]<\/p>\n","protected":false},"excerpt":{"rendered":"<p>[vc_row css=&#8221;.vc_custom_1445602198018{margin-top: 40px !important;margin-bottom: 40px !important;}&#8221;][vc_column width=&#8221;3\/4&#8243;][vc_column_text] Jadranska obala Jadransko more pru\u017ea se u smjeru sjeverozapad &#8211; jugoistok i obuhva\u0107a prostor izme\u0111u Balkanskog i Apeninskog poluotoka,<span class=\"excerpt-hellip\"> [\u2026]<\/span><\/p>\n","protected":false},"author":1,"featured_media":1599,"parent":0,"menu_order":0,"comment_status":"closed","ping_status":"closed","template":"","meta":[],"yoast_head":"<!-- This site is optimized with the Yoast SEO plugin v20.3 - https:\/\/yoast.com\/wordpress\/plugins\/seo\/ -->\n<title>Vodice akvatorij | Apartmani Vodice<\/title>\n<meta name=\"description\" content=\"Apartmani Vodice - Istra\u017eite za\u0161to se ovaj dio jadranske obale smatra jednim od najljep\u0161ih u svijetu. Raspitajte se sada i po\u010deti planiranje odmora.\" \/>\n<meta name=\"robots\" content=\"index, follow, max-snippet:-1, max-image-preview:large, max-video-preview:-1\" \/>\n<link rel=\"canonical\" href=\"https:\/\/apartmani-gordana.com\/hr\/vodice-akvatorij\/\" \/>\n<meta property=\"og:locale\" content=\"hr_HR\" \/>\n<meta property=\"og:type\" content=\"article\" \/>\n<meta property=\"og:title\" content=\"Vodice akvatorij | Apartmani Vodice\" \/>\n<meta property=\"og:description\" content=\"Apartmani Vodice - Istra\u017eite za\u0161to se ovaj dio jadranske obale smatra jednim od najljep\u0161ih u svijetu. Raspitajte se sada i po\u010deti planiranje odmora.\" \/>\n<meta property=\"og:url\" content=\"https:\/\/apartmani-gordana.com\/hr\/vodice-akvatorij\/\" \/>\n<meta property=\"og:site_name\" content=\"Apartmani Vodice\" \/>\n<meta property=\"article:modified_time\" content=\"2022-02-26T14:00:32+00:00\" \/>\n<meta property=\"og:image\" content=\"https:\/\/apartmani-gordana.com\/wp-content\/uploads\/2015\/10\/vodice-aquatorium-photo-gallery.jpg\" \/>\n\t<meta property=\"og:image:width\" content=\"620\" \/>\n\t<meta property=\"og:image:height\" content=\"240\" \/>\n\t<meta property=\"og:image:type\" content=\"image\/jpeg\" \/>\n<meta name=\"twitter:card\" content=\"summary_large_image\" \/>\n<meta name=\"twitter:label1\" content=\"Procijenjeno vrijeme \u010ditanja\" \/>\n\t<meta name=\"twitter:data1\" content=\"3 minute\" \/>\n<script type=\"application\/ld+json\" class=\"yoast-schema-graph\">{\"@context\":\"https:\/\/schema.org\",\"@graph\":[{\"@type\":\"WebPage\",\"@id\":\"https:\/\/apartmani-gordana.com\/hr\/vodice-akvatorij\/\",\"url\":\"https:\/\/apartmani-gordana.com\/hr\/vodice-akvatorij\/\",\"name\":\"Vodice akvatorij | Apartmani Vodice\",\"isPartOf\":{\"@id\":\"https:\/\/apartmani-gordana.com\/#website\"},\"datePublished\":\"2015-08-09T20:00:50+00:00\",\"dateModified\":\"2022-02-26T14:00:32+00:00\",\"description\":\"Apartmani Vodice - Istra\u017eite za\u0161to se ovaj dio jadranske obale smatra jednim od najljep\u0161ih u svijetu. Raspitajte se sada i po\u010deti planiranje odmora.\",\"breadcrumb\":{\"@id\":\"https:\/\/apartmani-gordana.com\/hr\/vodice-akvatorij\/#breadcrumb\"},\"inLanguage\":\"hr\",\"potentialAction\":[{\"@type\":\"ReadAction\",\"target\":[\"https:\/\/apartmani-gordana.com\/hr\/vodice-akvatorij\/\"]}]},{\"@type\":\"BreadcrumbList\",\"@id\":\"https:\/\/apartmani-gordana.com\/hr\/vodice-akvatorij\/#breadcrumb\",\"itemListElement\":[{\"@type\":\"ListItem\",\"position\":1,\"name\":\"Home\",\"item\":\"https:\/\/apartmani-gordana.com\/hr\/\"},{\"@type\":\"ListItem\",\"position\":2,\"name\":\"Vodice akvatorij\"}]},{\"@type\":\"WebSite\",\"@id\":\"https:\/\/apartmani-gordana.com\/#website\",\"url\":\"https:\/\/apartmani-gordana.com\/\",\"name\":\"Apartmani Vodice\",\"description\":\"Najam atraktivnih plovila po povoljnim cijenama Vodice, Hrvatska\",\"potentialAction\":[{\"@type\":\"SearchAction\",\"target\":{\"@type\":\"EntryPoint\",\"urlTemplate\":\"https:\/\/apartmani-gordana.com\/?s={search_term_string}\"},\"query-input\":\"required name=search_term_string\"}],\"inLanguage\":\"hr\"}]}<\/script>\n<!-- \/ Yoast SEO plugin. -->","yoast_head_json":{"title":"Vodice akvatorij | Apartmani Vodice","description":"Apartmani Vodice - Istra\u017eite za\u0161to se ovaj dio jadranske obale smatra jednim od najljep\u0161ih u svijetu. Raspitajte se sada i po\u010deti planiranje odmora.","robots":{"index":"index","follow":"follow","max-snippet":"max-snippet:-1","max-image-preview":"max-image-preview:large","max-video-preview":"max-video-preview:-1"},"canonical":"https:\/\/apartmani-gordana.com\/hr\/vodice-akvatorij\/","og_locale":"hr_HR","og_type":"article","og_title":"Vodice akvatorij | Apartmani Vodice","og_description":"Apartmani Vodice - Istra\u017eite za\u0161to se ovaj dio jadranske obale smatra jednim od najljep\u0161ih u svijetu. Raspitajte se sada i po\u010deti planiranje odmora.","og_url":"https:\/\/apartmani-gordana.com\/hr\/vodice-akvatorij\/","og_site_name":"Apartmani Vodice","article_modified_time":"2022-02-26T14:00:32+00:00","og_image":[{"width":620,"height":240,"url":"https:\/\/apartmani-gordana.com\/wp-content\/uploads\/2015\/10\/vodice-aquatorium-photo-gallery.jpg","type":"image\/jpeg"}],"twitter_card":"summary_large_image","twitter_misc":{"Procijenjeno vrijeme \u010ditanja":"3 minute"},"schema":{"@context":"https:\/\/schema.org","@graph":[{"@type":"WebPage","@id":"https:\/\/apartmani-gordana.com\/hr\/vodice-akvatorij\/","url":"https:\/\/apartmani-gordana.com\/hr\/vodice-akvatorij\/","name":"Vodice akvatorij | Apartmani Vodice","isPartOf":{"@id":"https:\/\/apartmani-gordana.com\/#website"},"datePublished":"2015-08-09T20:00:50+00:00","dateModified":"2022-02-26T14:00:32+00:00","description":"Apartmani Vodice - Istra\u017eite za\u0161to se ovaj dio jadranske obale smatra jednim od najljep\u0161ih u svijetu. Raspitajte se sada i po\u010deti planiranje odmora.","breadcrumb":{"@id":"https:\/\/apartmani-gordana.com\/hr\/vodice-akvatorij\/#breadcrumb"},"inLanguage":"hr","potentialAction":[{"@type":"ReadAction","target":["https:\/\/apartmani-gordana.com\/hr\/vodice-akvatorij\/"]}]},{"@type":"BreadcrumbList","@id":"https:\/\/apartmani-gordana.com\/hr\/vodice-akvatorij\/#breadcrumb","itemListElement":[{"@type":"ListItem","position":1,"name":"Home","item":"https:\/\/apartmani-gordana.com\/hr\/"},{"@type":"ListItem","position":2,"name":"Vodice akvatorij"}]},{"@type":"WebSite","@id":"https:\/\/apartmani-gordana.com\/#website","url":"https:\/\/apartmani-gordana.com\/","name":"Apartmani Vodice","description":"Najam atraktivnih plovila po povoljnim cijenama Vodice, Hrvatska","potentialAction":[{"@type":"SearchAction","target":{"@type":"EntryPoint","urlTemplate":"https:\/\/apartmani-gordana.com\/?s={search_term_string}"},"query-input":"required name=search_term_string"}],"inLanguage":"hr"}]}},"_links":{"self":[{"href":"https:\/\/apartmani-gordana.com\/hr\/wp-json\/wp\/v2\/pages\/2220"}],"collection":[{"href":"https:\/\/apartmani-gordana.com\/hr\/wp-json\/wp\/v2\/pages"}],"about":[{"href":"https:\/\/apartmani-gordana.com\/hr\/wp-json\/wp\/v2\/types\/page"}],"author":[{"embeddable":true,"href":"https:\/\/apartmani-gordana.com\/hr\/wp-json\/wp\/v2\/users\/1"}],"replies":[{"embeddable":true,"href":"https:\/\/apartmani-gordana.com\/hr\/wp-json\/wp\/v2\/comments?post=2220"}],"version-history":[{"count":7,"href":"https:\/\/apartmani-gordana.com\/hr\/wp-json\/wp\/v2\/pages\/2220\/revisions"}],"predecessor-version":[{"id":3700,"href":"https:\/\/apartmani-gordana.com\/hr\/wp-json\/wp\/v2\/pages\/2220\/revisions\/3700"}],"wp:featuredmedia":[{"embeddable":true,"href":"https:\/\/apartmani-gordana.com\/hr\/wp-json\/wp\/v2\/media\/1599"}],"wp:attachment":[{"href":"https:\/\/apartmani-gordana.com\/hr\/wp-json\/wp\/v2\/media?parent=2220"}],"curies":[{"name":"wp","href":"https:\/\/api.w.org\/{rel}","templated":true}]}}